{"id":1022,"date":"2024-08-30T17:00:04","date_gmt":"2024-08-30T14:00:04","guid":{"rendered":"https:\/\/summayhdistys.fi\/?post_type=product&#038;p=1022"},"modified":"2024-09-17T00:58:27","modified_gmt":"2024-09-16T21:58:27","slug":"lasten-uskon-kipina-kerho","status":"publish","type":"product","link":"https:\/\/summayhdistys.fi\/6D4iE\/tuote\/lasten-uskon-kipina-kerho\/","title":{"rendered":"Lasten Uskon kipin\u00e4- kerho syksy 2024"},"content":{"rendered":"","protected":false},"excerpt":{"rendered":"<p><span style=\"color: #993300;\"><strong>T\u00c4YNN\u00c4!<\/strong><\/span><\/p>\n<p><span style=\"font-weight: 400;\">4\u20136-vuotiaiden Uskon kipin\u00e4 -kerhossa lorutellaan ja lauletaan islam-henkisi\u00e4 lastenlauluja ja leikit\u00e4\u00e4n tutustuen samalla moniin islamin perusasioihin. Tuokioiden tarkoitus on tukea lasten islamilaista identiteetti\u00e4. Tunneilla painottuu lapsil\u00e4ht\u00f6isyys, luovuus ja hauska yhdess\u00e4olo.<\/span><\/p>\n<p>T\u00e4m\u00e4n syksyn Uskon kipin\u00e4- tuokioiden keski\u00f6ss\u00e4 on islamin perusasioihin tutustuminen lorujen ja laulujen ja yhteisten jutteluhetkien lomassa. Pedagogiset materiaalit ja kuvitetut loru- ja laulukortit tukevat lasten kokemuksista nousevia aiheita osaksi yhteisi\u00e4 jutusteluhetki\u00e4.<\/p>\n<p>Aihepiireiss\u00e4 vilisee mm. moskeijassa k\u00e4yminen, ruokailun sunna ja muut arjestakin tutut aiheet.<\/p>\n<p>Tervetuloa kerhoilemaan!<\/p>\n<p><span style=\"font-weight: 400;\">Vet\u00e4j\u00e4: <\/span><span style=\"font-weight: 400;\">Varhaiskasvatuksen opettaja Maria B\u00e4ck<\/span><\/p>\n<p><span style=\"font-weight: 400;\">Aika: Lauantaisin klo: 12.00-13.00, <\/span><\/p>\n<p><span style=\"font-weight: 400;\">5.10-16.11.2024 <\/span><span style=\"font-weight: 400;\">(19.10 EI KERHOA, Syyslomatauko)<br \/>\n<\/span><\/p>\n<p><span style=\"font-weight: 400;\">Paikka: P\u00e4iv\u00e4koti Unelma, Kirkonkyl\u00e4ntie 2 00700 Helsinki<\/span><\/p>\n<p><span style=\"color: #993300;\"><b>HUOM! Ilmoita maksusivun lis\u00e4tiedot kohdassa osallistujan nimi ja syntym\u00e4vuosi.<\/b><\/span><\/p>\n","protected":false},"featured_media":1587,"template":"","meta":[],"product_cat":[16,27],"product_tag":[29],"yoast_head":"<title>Lasten Uskon kipin\u00e4- kerho syksy 2024 - T&auml;hti&amp;Kuu Books<\/title>\n<meta name=\"robots\" content=\"index, follow, max-snippet:-1, max-image-preview:large, max-video-preview:-1\" \/>\n<link rel=\"canonical\" href=\"https:\/\/summayhdistys.fi\/6D4iE\/tuote\/lasten-uskon-kipina-kerho\/\" \/>\n<meta property=\"og:locale\" content=\"fi_FI\" \/>\n<meta property=\"og:type\" content=\"article\" \/>\n<meta property=\"og:title\" content=\"Lasten Uskon kipin\u00e4- kerho syksy 2024 - T&auml;hti&amp;Kuu Books\" \/>\n<meta property=\"og:description\" content=\"T\u00c4YNN\u00c4!  4\u20136-vuotiaiden Uskon kipin\u00e4 -kerhossa lorutellaan ja lauletaan islam-henkisi\u00e4 lastenlauluja ja leikit\u00e4\u00e4n tutustuen samalla moniin islamin perusasioihin. Tuokioiden tarkoitus on tukea lasten islamilaista identiteetti\u00e4. Tunneilla painottuu lapsil\u00e4ht\u00f6isyys, luovuus ja hauska yhdess\u00e4olo.  T\u00e4m\u00e4n syksyn Uskon kipin\u00e4- tuokioiden keski\u00f6ss\u00e4 on islamin perusasioihin tutustuminen lorujen ja laulujen ja yhteisten jutteluhetkien lomassa. Pedagogiset materiaalit ja kuvitetut loru- ja laulukortit tukevat lasten kokemuksista nousevia aiheita osaksi yhteisi\u00e4 jutusteluhetki\u00e4.  Aihepiireiss\u00e4 vilisee mm. moskeijassa k\u00e4yminen, ruokailun sunna ja muut arjestakin tutut aiheet.  Tervetuloa kerhoilemaan!  Vet\u00e4j\u00e4: Varhaiskasvatuksen opettaja Maria B\u00e4ck  Aika: Lauantaisin klo: 12.00-13.00,   5.10-16.11.2024 (19.10 EI KERHOA, Syyslomatauko)   Paikka: P\u00e4iv\u00e4koti Unelma, Kirkonkyl\u00e4ntie 2 00700 Helsinki  HUOM! Ilmoita maksusivun lis\u00e4tiedot kohdassa osallistujan nimi ja syntym\u00e4vuosi.\" \/>\n<meta property=\"og:url\" content=\"https:\/\/summayhdistys.fi\/6D4iE\/tuote\/lasten-uskon-kipina-kerho\/\" \/>\n<meta property=\"og:site_name\" content=\"T&auml;hti&amp;Kuu Books\" \/>\n<meta property=\"article:publisher\" content=\"https:\/\/facebook.com\/tahtikuubooks\" \/>\n<meta property=\"article:modified_time\" content=\"2024-09-16T21:58:27+00:00\" \/>\n<meta property=\"og:image\" content=\"https:\/\/summayhdistys.fi\/6D4iE\/wp-content\/uploads\/2024\/08\/Blue-Watercolor-Minimalist-Quote-Instagram-Post-3.png\" \/>\n\t<meta property=\"og:image:width\" content=\"1080\" \/>\n\t<meta property=\"og:image:height\" content=\"1080\" \/>\n\t<meta property=\"og:image:type\" content=\"image\/png\" \/>\n<meta name=\"twitter:card\" content=\"summary_large_image\" \/>\n<script type=\"application\/ld+json\" class=\"yoast-schema-graph\">{\"@context\":\"https:\/\/schema.org\",\"@graph\":[{\"@type\":\"WebPage\",\"@id\":\"https:\/\/summayhdistys.fi\/6D4iE\/tuote\/lasten-uskon-kipina-kerho\/\",\"url\":\"https:\/\/summayhdistys.fi\/6D4iE\/tuote\/lasten-uskon-kipina-kerho\/\",\"name\":\"Lasten Uskon kipin\u00e4- kerho syksy 2024 - T&auml;hti&amp;Kuu Books\",\"isPartOf\":{\"@id\":\"https:\/\/summayhdistys.fi\/6D4iE\/#website\"},\"primaryImageOfPage\":{\"@id\":\"https:\/\/summayhdistys.fi\/6D4iE\/tuote\/lasten-uskon-kipina-kerho\/#primaryimage\"},\"image\":{\"@id\":\"https:\/\/summayhdistys.fi\/6D4iE\/tuote\/lasten-uskon-kipina-kerho\/#primaryimage\"},\"thumbnailUrl\":\"https:\/\/summayhdistys.fi\/6D4iE\/wp-content\/uploads\/2024\/08\/Blue-Watercolor-Minimalist-Quote-Instagram-Post-3.png\",\"datePublished\":\"2024-08-30T14:00:04+00:00\",\"dateModified\":\"2024-09-16T21:58:27+00:00\",\"breadcrumb\":{\"@id\":\"https:\/\/summayhdistys.fi\/6D4iE\/tuote\/lasten-uskon-kipina-kerho\/#breadcrumb\"},\"inLanguage\":\"fi\",\"potentialAction\":[{\"@type\":\"ReadAction\",\"target\":[\"https:\/\/summayhdistys.fi\/6D4iE\/tuote\/lasten-uskon-kipina-kerho\/\"]}]},{\"@type\":\"ImageObject\",\"inLanguage\":\"fi\",\"@id\":\"https:\/\/summayhdistys.fi\/6D4iE\/tuote\/lasten-uskon-kipina-kerho\/#primaryimage\",\"url\":\"https:\/\/summayhdistys.fi\/6D4iE\/wp-content\/uploads\/2024\/08\/Blue-Watercolor-Minimalist-Quote-Instagram-Post-3.png\",\"contentUrl\":\"https:\/\/summayhdistys.fi\/6D4iE\/wp-content\/uploads\/2024\/08\/Blue-Watercolor-Minimalist-Quote-Instagram-Post-3.png\",\"width\":1080,\"height\":1080},{\"@type\":\"BreadcrumbList\",\"@id\":\"https:\/\/summayhdistys.fi\/6D4iE\/tuote\/lasten-uskon-kipina-kerho\/#breadcrumb\",\"itemListElement\":[{\"@type\":\"ListItem\",\"position\":1,\"name\":\"Etusivu\",\"item\":\"https:\/\/summayhdistys.fi\/6D4iE\/\"},{\"@type\":\"ListItem\",\"position\":2,\"name\":\"Kauppa-old\",\"item\":\"https:\/\/summayhdistys.fi\/6D4iE\/kauppa-old\/\"},{\"@type\":\"ListItem\",\"position\":3,\"name\":\"Lasten Uskon kipin\u00e4- kerho syksy 2024\"}]},{\"@type\":\"WebSite\",\"@id\":\"https:\/\/summayhdistys.fi\/6D4iE\/#website\",\"url\":\"https:\/\/summayhdistys.fi\/6D4iE\/\",\"name\":\"T&auml;hti&amp;Kuu Books\",\"description\":\"T&auml;hti&amp;Kuu Books\",\"publisher\":{\"@id\":\"https:\/\/summayhdistys.fi\/6D4iE\/#organization\"},\"potentialAction\":[{\"@type\":\"SearchAction\",\"target\":{\"@type\":\"EntryPoint\",\"urlTemplate\":\"https:\/\/summayhdistys.fi\/6D4iE\/?s={search_term_string}\"},\"query-input\":\"required name=search_term_string\"}],\"inLanguage\":\"fi\"},{\"@type\":\"Organization\",\"@id\":\"https:\/\/summayhdistys.fi\/6D4iE\/#organization\",\"name\":\"T\u00e4hti&Kuu Books Oy\",\"url\":\"https:\/\/summayhdistys.fi\/6D4iE\/\",\"logo\":{\"@type\":\"ImageObject\",\"inLanguage\":\"fi\",\"@id\":\"https:\/\/summayhdistys.fi\/6D4iE\/#\/schema\/logo\/image\/\",\"url\":\"https:\/\/summayhdistys.fi\/6D4iE\/wp-content\/uploads\/2021\/11\/Tahtikuu-logo-musta-smol_768px.png\",\"contentUrl\":\"https:\/\/summayhdistys.fi\/6D4iE\/wp-content\/uploads\/2021\/11\/Tahtikuu-logo-musta-smol_768px.png\",\"width\":768,\"height\":411,\"caption\":\"T\u00e4hti&Kuu Books Oy\"},\"image\":{\"@id\":\"https:\/\/summayhdistys.fi\/6D4iE\/#\/schema\/logo\/image\/\"},\"sameAs\":[\"https:\/\/facebook.com\/tahtikuubooks\",\"https:\/\/instagram.com\/tahtikuubooks\"]}]}<\/script>","yoast_head_json":{"title":"Lasten Uskon kipin\u00e4- kerho syksy 2024 - T&auml;hti&amp;Kuu Books","robots":{"index":"index","follow":"follow","max-snippet":"max-snippet:-1","max-image-preview":"max-image-preview:large","max-video-preview":"max-video-preview:-1"},"canonical":"https:\/\/summayhdistys.fi\/6D4iE\/tuote\/lasten-uskon-kipina-kerho\/","og_locale":"fi_FI","og_type":"article","og_title":"Lasten Uskon kipin\u00e4- kerho syksy 2024 - T&auml;hti&amp;Kuu Books","og_description":"T\u00c4YNN\u00c4!  4\u20136-vuotiaiden Uskon kipin\u00e4 -kerhossa lorutellaan ja lauletaan islam-henkisi\u00e4 lastenlauluja ja leikit\u00e4\u00e4n tutustuen samalla moniin islamin perusasioihin. Tuokioiden tarkoitus on tukea lasten islamilaista identiteetti\u00e4. Tunneilla painottuu lapsil\u00e4ht\u00f6isyys, luovuus ja hauska yhdess\u00e4olo.  T\u00e4m\u00e4n syksyn Uskon kipin\u00e4- tuokioiden keski\u00f6ss\u00e4 on islamin perusasioihin tutustuminen lorujen ja laulujen ja yhteisten jutteluhetkien lomassa. Pedagogiset materiaalit ja kuvitetut loru- ja laulukortit tukevat lasten kokemuksista nousevia aiheita osaksi yhteisi\u00e4 jutusteluhetki\u00e4.  Aihepiireiss\u00e4 vilisee mm. moskeijassa k\u00e4yminen, ruokailun sunna ja muut arjestakin tutut aiheet.  Tervetuloa kerhoilemaan!  Vet\u00e4j\u00e4: Varhaiskasvatuksen opettaja Maria B\u00e4ck  Aika: Lauantaisin klo: 12.00-13.00,   5.10-16.11.2024 (19.10 EI KERHOA, Syyslomatauko)   Paikka: P\u00e4iv\u00e4koti Unelma, Kirkonkyl\u00e4ntie 2 00700 Helsinki  HUOM! Ilmoita maksusivun lis\u00e4tiedot kohdassa osallistujan nimi ja syntym\u00e4vuosi.","og_url":"https:\/\/summayhdistys.fi\/6D4iE\/tuote\/lasten-uskon-kipina-kerho\/","og_site_name":"T&auml;hti&amp;Kuu Books","article_publisher":"https:\/\/facebook.com\/tahtikuubooks","article_modified_time":"2024-09-16T21:58:27+00:00","og_image":[{"width":1080,"height":1080,"url":"https:\/\/summayhdistys.fi\/6D4iE\/wp-content\/uploads\/2024\/08\/Blue-Watercolor-Minimalist-Quote-Instagram-Post-3.png","type":"image\/png"}],"twitter_card":"summary_large_image","schema":{"@context":"https:\/\/schema.org","@graph":[{"@type":"WebPage","@id":"https:\/\/summayhdistys.fi\/6D4iE\/tuote\/lasten-uskon-kipina-kerho\/","url":"https:\/\/summayhdistys.fi\/6D4iE\/tuote\/lasten-uskon-kipina-kerho\/","name":"Lasten Uskon kipin\u00e4- kerho syksy 2024 - T&auml;hti&amp;Kuu Books","isPartOf":{"@id":"https:\/\/summayhdistys.fi\/6D4iE\/#website"},"primaryImageOfPage":{"@id":"https:\/\/summayhdistys.fi\/6D4iE\/tuote\/lasten-uskon-kipina-kerho\/#primaryimage"},"image":{"@id":"https:\/\/summayhdistys.fi\/6D4iE\/tuote\/lasten-uskon-kipina-kerho\/#primaryimage"},"thumbnailUrl":"https:\/\/summayhdistys.fi\/6D4iE\/wp-content\/uploads\/2024\/08\/Blue-Watercolor-Minimalist-Quote-Instagram-Post-3.png","datePublished":"2024-08-30T14:00:04+00:00","dateModified":"2024-09-16T21:58:27+00:00","breadcrumb":{"@id":"https:\/\/summayhdistys.fi\/6D4iE\/tuote\/lasten-uskon-kipina-kerho\/#breadcrumb"},"inLanguage":"fi","potentialAction":[{"@type":"ReadAction","target":["https:\/\/summayhdistys.fi\/6D4iE\/tuote\/lasten-uskon-kipina-kerho\/"]}]},{"@type":"ImageObject","inLanguage":"fi","@id":"https:\/\/summayhdistys.fi\/6D4iE\/tuote\/lasten-uskon-kipina-kerho\/#primaryimage","url":"https:\/\/summayhdistys.fi\/6D4iE\/wp-content\/uploads\/2024\/08\/Blue-Watercolor-Minimalist-Quote-Instagram-Post-3.png","contentUrl":"https:\/\/summayhdistys.fi\/6D4iE\/wp-content\/uploads\/2024\/08\/Blue-Watercolor-Minimalist-Quote-Instagram-Post-3.png","width":1080,"height":1080},{"@type":"BreadcrumbList","@id":"https:\/\/summayhdistys.fi\/6D4iE\/tuote\/lasten-uskon-kipina-kerho\/#breadcrumb","itemListElement":[{"@type":"ListItem","position":1,"name":"Etusivu","item":"https:\/\/summayhdistys.fi\/6D4iE\/"},{"@type":"ListItem","position":2,"name":"Kauppa-old","item":"https:\/\/summayhdistys.fi\/6D4iE\/kauppa-old\/"},{"@type":"ListItem","position":3,"name":"Lasten Uskon kipin\u00e4- kerho syksy 2024"}]},{"@type":"WebSite","@id":"https:\/\/summayhdistys.fi\/6D4iE\/#website","url":"https:\/\/summayhdistys.fi\/6D4iE\/","name":"T&auml;hti&amp;Kuu Books","description":"T&auml;hti&amp;Kuu Books","publisher":{"@id":"https:\/\/summayhdistys.fi\/6D4iE\/#organization"},"potentialAction":[{"@type":"SearchAction","target":{"@type":"EntryPoint","urlTemplate":"https:\/\/summayhdistys.fi\/6D4iE\/?s={search_term_string}"},"query-input":"required name=search_term_string"}],"inLanguage":"fi"},{"@type":"Organization","@id":"https:\/\/summayhdistys.fi\/6D4iE\/#organization","name":"T\u00e4hti&Kuu Books Oy","url":"https:\/\/summayhdistys.fi\/6D4iE\/","logo":{"@type":"ImageObject","inLanguage":"fi","@id":"https:\/\/summayhdistys.fi\/6D4iE\/#\/schema\/logo\/image\/","url":"https:\/\/summayhdistys.fi\/6D4iE\/wp-content\/uploads\/2021\/11\/Tahtikuu-logo-musta-smol_768px.png","contentUrl":"https:\/\/summayhdistys.fi\/6D4iE\/wp-content\/uploads\/2021\/11\/Tahtikuu-logo-musta-smol_768px.png","width":768,"height":411,"caption":"T\u00e4hti&Kuu Books Oy"},"image":{"@id":"https:\/\/summayhdistys.fi\/6D4iE\/#\/schema\/logo\/image\/"},"sameAs":["https:\/\/facebook.com\/tahtikuubooks","https:\/\/instagram.com\/tahtikuubooks"]}]}},"_links":{"self":[{"href":"https:\/\/summayhdistys.fi\/6D4iE\/wp-json\/wp\/v2\/product\/1022"}],"collection":[{"href":"https:\/\/summayhdistys.fi\/6D4iE\/wp-json\/wp\/v2\/product"}],"about":[{"href":"https:\/\/summayhdistys.fi\/6D4iE\/wp-json\/wp\/v2\/types\/product"}],"wp:featuredmedia":[{"embeddable":true,"href":"https:\/\/summayhdistys.fi\/6D4iE\/wp-json\/wp\/v2\/media\/1587"}],"wp:attachment":[{"href":"https:\/\/summayhdistys.fi\/6D4iE\/wp-json\/wp\/v2\/media?parent=1022"}],"wp:term":[{"taxonomy":"product_cat","embeddable":true,"href":"https:\/\/summayhdistys.fi\/6D4iE\/wp-json\/wp\/v2\/product_cat?post=1022"},{"taxonomy":"product_tag","embeddable":true,"href":"https:\/\/summayhdistys.fi\/6D4iE\/wp-json\/wp\/v2\/product_tag?post=1022"}],"curies":[{"name":"wp","href":"https:\/\/api.w.org\/{rel}","templated":true}]}}