{"id":128,"date":"2021-11-26T07:50:38","date_gmt":"2021-11-26T07:50:38","guid":{"rendered":"https:\/\/summayhdistys.fi\/6D4iE\/?post_type=product&#038;p=128"},"modified":"2025-03-17T23:01:44","modified_gmt":"2025-03-17T21:01:44","slug":"lasten-tafsiir","status":"publish","type":"product","link":"https:\/\/summayhdistys.fi\/6D4iE\/tuote\/lasten-tafsiir\/","title":{"rendered":"Lasten tafsiir Koraanin selitysteos osa 1"},"content":{"rendered":"","protected":false},"excerpt":{"rendered":"<p>Lasten tafsiir -kirja on lapsille ja kaikille Koraanin opiskelussaan alkutaipaleella oleville tarkoitettu Koraanin selitysteos eli tafsiir. Kirja sis\u00e4lt\u00e4\u00e4 Koraanin suurat Al-Faatiha, Al-Ikhlaas, Al-Falaq ja An-Naas ja tarjoaa selke\u00e4n suomenkielisen selityksen n\u00e4iden nelj\u00e4n t\u00e4rke\u00e4n suuran merkityksest\u00e4.<\/p>\n<p>Koraanin suurat on selitetty jae kerrallaan, ja jokaisen jakeen yhteydess\u00e4 on jakeen merkityst\u00e4 avaava kuva. Kuvituksessa k\u00e4ytetyt kuvien teemat on otettu lasten maailmasta ja lapsille tutuista asioista. Kirjan lopussa on lapsille suunnattuja teht\u00e4vi\u00e4, joiden tarkoituksena on kerrata kirjassa opittuja asioita.<\/p>\n<p>1. painos<br \/>\nISBN 978-952-69903-3-0<br \/>\nPehme\u00e4kantinen, 56 sivua<br \/>\nPainettu Suomessa<\/p>\n<p>&nbsp;<\/p>\n","protected":false},"featured_media":788,"template":"","meta":[],"product_cat":[16,21],"product_tag":[],"yoast_head":"<title>Lasten tafsiir Koraanin selitysteos osa 1 - T&auml;hti&amp;Kuu Books<\/title>\n<meta name=\"robots\" content=\"index, follow, max-snippet:-1, max-image-preview:large, max-video-preview:-1\" \/>\n<link rel=\"canonical\" href=\"https:\/\/summayhdistys.fi\/6D4iE\/tuote\/lasten-tafsiir\/\" \/>\n<meta property=\"og:locale\" content=\"fi_FI\" \/>\n<meta property=\"og:type\" content=\"article\" \/>\n<meta property=\"og:title\" content=\"Lasten tafsiir Koraanin selitysteos osa 1 - T&auml;hti&amp;Kuu Books\" \/>\n<meta property=\"og:description\" content=\"Lasten tafsiir -kirja on lapsille ja kaikille Koraanin opiskelussaan alkutaipaleella oleville tarkoitettu Koraanin selitysteos eli tafsiir. Kirja sis\u00e4lt\u00e4\u00e4 Koraanin suurat Al-Faatiha, Al-Ikhlaas, Al-Falaq ja An-Naas ja tarjoaa selke\u00e4n suomenkielisen selityksen n\u00e4iden nelj\u00e4n t\u00e4rke\u00e4n suuran merkityksest\u00e4.  Koraanin suurat on selitetty jae kerrallaan, ja jokaisen jakeen yhteydess\u00e4 on jakeen merkityst\u00e4 avaava kuva. Kuvituksessa k\u00e4ytetyt kuvien teemat on otettu lasten maailmasta ja lapsille tutuista asioista. Kirjan lopussa on lapsille suunnattuja teht\u00e4vi\u00e4, joiden tarkoituksena on kerrata kirjassa opittuja asioita.  1. painos ISBN 978-952-69903-3-0 Pehme\u00e4kantinen, 56 sivua Painettu Suomessa  &nbsp;\" \/>\n<meta property=\"og:url\" content=\"https:\/\/summayhdistys.fi\/6D4iE\/tuote\/lasten-tafsiir\/\" \/>\n<meta property=\"og:site_name\" content=\"T&auml;hti&amp;Kuu Books\" \/>\n<meta property=\"article:publisher\" content=\"https:\/\/facebook.com\/tahtikuubooks\" \/>\n<meta property=\"article:modified_time\" content=\"2025-03-17T21:01:44+00:00\" \/>\n<meta property=\"og:image\" content=\"https:\/\/summayhdistys.fi\/6D4iE\/wp-content\/uploads\/2022\/12\/Tafsiir-1.jpg\" \/>\n\t<meta property=\"og:image:width\" content=\"2200\" \/>\n\t<meta property=\"og:image:height\" content=\"2200\" \/>\n\t<meta property=\"og:image:type\" content=\"image\/jpeg\" \/>\n<meta name=\"twitter:card\" content=\"summary_large_image\" \/>\n<script type=\"application\/ld+json\" class=\"yoast-schema-graph\">{\"@context\":\"https:\/\/schema.org\",\"@graph\":[{\"@type\":\"WebPage\",\"@id\":\"https:\/\/summayhdistys.fi\/6D4iE\/tuote\/lasten-tafsiir\/\",\"url\":\"https:\/\/summayhdistys.fi\/6D4iE\/tuote\/lasten-tafsiir\/\",\"name\":\"Lasten tafsiir Koraanin selitysteos osa 1 - T&auml;hti&amp;Kuu Books\",\"isPartOf\":{\"@id\":\"https:\/\/summayhdistys.fi\/6D4iE\/#website\"},\"primaryImageOfPage\":{\"@id\":\"https:\/\/summayhdistys.fi\/6D4iE\/tuote\/lasten-tafsiir\/#primaryimage\"},\"image\":{\"@id\":\"https:\/\/summayhdistys.fi\/6D4iE\/tuote\/lasten-tafsiir\/#primaryimage\"},\"thumbnailUrl\":\"https:\/\/summayhdistys.fi\/6D4iE\/wp-content\/uploads\/2022\/12\/Tafsiir-1.jpg\",\"datePublished\":\"2021-11-26T07:50:38+00:00\",\"dateModified\":\"2025-03-17T21:01:44+00:00\",\"breadcrumb\":{\"@id\":\"https:\/\/summayhdistys.fi\/6D4iE\/tuote\/lasten-tafsiir\/#breadcrumb\"},\"inLanguage\":\"fi\",\"potentialAction\":[{\"@type\":\"ReadAction\",\"target\":[\"https:\/\/summayhdistys.fi\/6D4iE\/tuote\/lasten-tafsiir\/\"]}]},{\"@type\":\"ImageObject\",\"inLanguage\":\"fi\",\"@id\":\"https:\/\/summayhdistys.fi\/6D4iE\/tuote\/lasten-tafsiir\/#primaryimage\",\"url\":\"https:\/\/summayhdistys.fi\/6D4iE\/wp-content\/uploads\/2022\/12\/Tafsiir-1.jpg\",\"contentUrl\":\"https:\/\/summayhdistys.fi\/6D4iE\/wp-content\/uploads\/2022\/12\/Tafsiir-1.jpg\",\"width\":2200,\"height\":2200},{\"@type\":\"BreadcrumbList\",\"@id\":\"https:\/\/summayhdistys.fi\/6D4iE\/tuote\/lasten-tafsiir\/#breadcrumb\",\"itemListElement\":[{\"@type\":\"ListItem\",\"position\":1,\"name\":\"Etusivu\",\"item\":\"https:\/\/summayhdistys.fi\/6D4iE\/\"},{\"@type\":\"ListItem\",\"position\":2,\"name\":\"Kauppa-old\",\"item\":\"https:\/\/summayhdistys.fi\/6D4iE\/kauppa-old\/\"},{\"@type\":\"ListItem\",\"position\":3,\"name\":\"Lasten tafsiir Koraanin selitysteos osa 1\"}]},{\"@type\":\"WebSite\",\"@id\":\"https:\/\/summayhdistys.fi\/6D4iE\/#website\",\"url\":\"https:\/\/summayhdistys.fi\/6D4iE\/\",\"name\":\"T&auml;hti&amp;Kuu Books\",\"description\":\"T&auml;hti&amp;Kuu Books\",\"publisher\":{\"@id\":\"https:\/\/summayhdistys.fi\/6D4iE\/#organization\"},\"potentialAction\":[{\"@type\":\"SearchAction\",\"target\":{\"@type\":\"EntryPoint\",\"urlTemplate\":\"https:\/\/summayhdistys.fi\/6D4iE\/?s={search_term_string}\"},\"query-input\":\"required name=search_term_string\"}],\"inLanguage\":\"fi\"},{\"@type\":\"Organization\",\"@id\":\"https:\/\/summayhdistys.fi\/6D4iE\/#organization\",\"name\":\"T\u00e4hti&Kuu Books Oy\",\"url\":\"https:\/\/summayhdistys.fi\/6D4iE\/\",\"logo\":{\"@type\":\"ImageObject\",\"inLanguage\":\"fi\",\"@id\":\"https:\/\/summayhdistys.fi\/6D4iE\/#\/schema\/logo\/image\/\",\"url\":\"https:\/\/summayhdistys.fi\/6D4iE\/wp-content\/uploads\/2021\/11\/Tahtikuu-logo-musta-smol_768px.png\",\"contentUrl\":\"https:\/\/summayhdistys.fi\/6D4iE\/wp-content\/uploads\/2021\/11\/Tahtikuu-logo-musta-smol_768px.png\",\"width\":768,\"height\":411,\"caption\":\"T\u00e4hti&Kuu Books Oy\"},\"image\":{\"@id\":\"https:\/\/summayhdistys.fi\/6D4iE\/#\/schema\/logo\/image\/\"},\"sameAs\":[\"https:\/\/facebook.com\/tahtikuubooks\",\"https:\/\/instagram.com\/tahtikuubooks\"]}]}<\/script>","yoast_head_json":{"title":"Lasten tafsiir Koraanin selitysteos osa 1 - T&auml;hti&amp;Kuu Books","robots":{"index":"index","follow":"follow","max-snippet":"max-snippet:-1","max-image-preview":"max-image-preview:large","max-video-preview":"max-video-preview:-1"},"canonical":"https:\/\/summayhdistys.fi\/6D4iE\/tuote\/lasten-tafsiir\/","og_locale":"fi_FI","og_type":"article","og_title":"Lasten tafsiir Koraanin selitysteos osa 1 - T&auml;hti&amp;Kuu Books","og_description":"Lasten tafsiir -kirja on lapsille ja kaikille Koraanin opiskelussaan alkutaipaleella oleville tarkoitettu Koraanin selitysteos eli tafsiir. Kirja sis\u00e4lt\u00e4\u00e4 Koraanin suurat Al-Faatiha, Al-Ikhlaas, Al-Falaq ja An-Naas ja tarjoaa selke\u00e4n suomenkielisen selityksen n\u00e4iden nelj\u00e4n t\u00e4rke\u00e4n suuran merkityksest\u00e4.  Koraanin suurat on selitetty jae kerrallaan, ja jokaisen jakeen yhteydess\u00e4 on jakeen merkityst\u00e4 avaava kuva. Kuvituksessa k\u00e4ytetyt kuvien teemat on otettu lasten maailmasta ja lapsille tutuista asioista. Kirjan lopussa on lapsille suunnattuja teht\u00e4vi\u00e4, joiden tarkoituksena on kerrata kirjassa opittuja asioita.  1. painos ISBN 978-952-69903-3-0 Pehme\u00e4kantinen, 56 sivua Painettu Suomessa  &nbsp;","og_url":"https:\/\/summayhdistys.fi\/6D4iE\/tuote\/lasten-tafsiir\/","og_site_name":"T&auml;hti&amp;Kuu Books","article_publisher":"https:\/\/facebook.com\/tahtikuubooks","article_modified_time":"2025-03-17T21:01:44+00:00","og_image":[{"width":2200,"height":2200,"url":"https:\/\/summayhdistys.fi\/6D4iE\/wp-content\/uploads\/2022\/12\/Tafsiir-1.jpg","type":"image\/jpeg"}],"twitter_card":"summary_large_image","schema":{"@context":"https:\/\/schema.org","@graph":[{"@type":"WebPage","@id":"https:\/\/summayhdistys.fi\/6D4iE\/tuote\/lasten-tafsiir\/","url":"https:\/\/summayhdistys.fi\/6D4iE\/tuote\/lasten-tafsiir\/","name":"Lasten tafsiir Koraanin selitysteos osa 1 - T&auml;hti&amp;Kuu Books","isPartOf":{"@id":"https:\/\/summayhdistys.fi\/6D4iE\/#website"},"primaryImageOfPage":{"@id":"https:\/\/summayhdistys.fi\/6D4iE\/tuote\/lasten-tafsiir\/#primaryimage"},"image":{"@id":"https:\/\/summayhdistys.fi\/6D4iE\/tuote\/lasten-tafsiir\/#primaryimage"},"thumbnailUrl":"https:\/\/summayhdistys.fi\/6D4iE\/wp-content\/uploads\/2022\/12\/Tafsiir-1.jpg","datePublished":"2021-11-26T07:50:38+00:00","dateModified":"2025-03-17T21:01:44+00:00","breadcrumb":{"@id":"https:\/\/summayhdistys.fi\/6D4iE\/tuote\/lasten-tafsiir\/#breadcrumb"},"inLanguage":"fi","potentialAction":[{"@type":"ReadAction","target":["https:\/\/summayhdistys.fi\/6D4iE\/tuote\/lasten-tafsiir\/"]}]},{"@type":"ImageObject","inLanguage":"fi","@id":"https:\/\/summayhdistys.fi\/6D4iE\/tuote\/lasten-tafsiir\/#primaryimage","url":"https:\/\/summayhdistys.fi\/6D4iE\/wp-content\/uploads\/2022\/12\/Tafsiir-1.jpg","contentUrl":"https:\/\/summayhdistys.fi\/6D4iE\/wp-content\/uploads\/2022\/12\/Tafsiir-1.jpg","width":2200,"height":2200},{"@type":"BreadcrumbList","@id":"https:\/\/summayhdistys.fi\/6D4iE\/tuote\/lasten-tafsiir\/#breadcrumb","itemListElement":[{"@type":"ListItem","position":1,"name":"Etusivu","item":"https:\/\/summayhdistys.fi\/6D4iE\/"},{"@type":"ListItem","position":2,"name":"Kauppa-old","item":"https:\/\/summayhdistys.fi\/6D4iE\/kauppa-old\/"},{"@type":"ListItem","position":3,"name":"Lasten tafsiir Koraanin selitysteos osa 1"}]},{"@type":"WebSite","@id":"https:\/\/summayhdistys.fi\/6D4iE\/#website","url":"https:\/\/summayhdistys.fi\/6D4iE\/","name":"T&auml;hti&amp;Kuu Books","description":"T&auml;hti&amp;Kuu Books","publisher":{"@id":"https:\/\/summayhdistys.fi\/6D4iE\/#organization"},"potentialAction":[{"@type":"SearchAction","target":{"@type":"EntryPoint","urlTemplate":"https:\/\/summayhdistys.fi\/6D4iE\/?s={search_term_string}"},"query-input":"required name=search_term_string"}],"inLanguage":"fi"},{"@type":"Organization","@id":"https:\/\/summayhdistys.fi\/6D4iE\/#organization","name":"T\u00e4hti&Kuu Books Oy","url":"https:\/\/summayhdistys.fi\/6D4iE\/","logo":{"@type":"ImageObject","inLanguage":"fi","@id":"https:\/\/summayhdistys.fi\/6D4iE\/#\/schema\/logo\/image\/","url":"https:\/\/summayhdistys.fi\/6D4iE\/wp-content\/uploads\/2021\/11\/Tahtikuu-logo-musta-smol_768px.png","contentUrl":"https:\/\/summayhdistys.fi\/6D4iE\/wp-content\/uploads\/2021\/11\/Tahtikuu-logo-musta-smol_768px.png","width":768,"height":411,"caption":"T\u00e4hti&Kuu Books Oy"},"image":{"@id":"https:\/\/summayhdistys.fi\/6D4iE\/#\/schema\/logo\/image\/"},"sameAs":["https:\/\/facebook.com\/tahtikuubooks","https:\/\/instagram.com\/tahtikuubooks"]}]}},"_links":{"self":[{"href":"https:\/\/summayhdistys.fi\/6D4iE\/wp-json\/wp\/v2\/product\/128"}],"collection":[{"href":"https:\/\/summayhdistys.fi\/6D4iE\/wp-json\/wp\/v2\/product"}],"about":[{"href":"https:\/\/summayhdistys.fi\/6D4iE\/wp-json\/wp\/v2\/types\/product"}],"wp:featuredmedia":[{"embeddable":true,"href":"https:\/\/summayhdistys.fi\/6D4iE\/wp-json\/wp\/v2\/media\/788"}],"wp:attachment":[{"href":"https:\/\/summayhdistys.fi\/6D4iE\/wp-json\/wp\/v2\/media?parent=128"}],"wp:term":[{"taxonomy":"product_cat","embeddable":true,"href":"https:\/\/summayhdistys.fi\/6D4iE\/wp-json\/wp\/v2\/product_cat?post=128"},{"taxonomy":"product_tag","embeddable":true,"href":"https:\/\/summayhdistys.fi\/6D4iE\/wp-json\/wp\/v2\/product_tag?post=128"}],"curies":[{"name":"wp","href":"https:\/\/api.w.org\/{rel}","templated":true}]}}