{"id":129,"date":"2021-11-26T07:50:52","date_gmt":"2021-11-26T05:50:52","guid":{"rendered":"https:\/\/summayhdistys.fi\/6D4iE\/?post_type=product&#038;p=129"},"modified":"2025-03-18T23:18:09","modified_gmt":"2025-03-18T21:18:09","slug":"luojan-luonnossa-runokirja","status":"publish","type":"product","link":"https:\/\/summayhdistys.fi\/6D4iE\/tuote\/luojan-luonnossa-runokirja\/","title":{"rendered":"Luojan luonnossa -runokirja"},"content":{"rendered":"","protected":false},"excerpt":{"rendered":"<p>Luojan luonnossa -runokokoelma ihastelee nelj\u00e4n vuodenajan ilmi\u00f6it\u00e4 lapsenomaisin silmin. Kirjan kaunis kuvitus kutsuu lapset ja vanhemmat yhteisten keskustelujen ja pohdintojen \u00e4\u00e4relle.<\/p>\n<p>T\u00e4m\u00e4 runokokoelma on suunniteltu vanhemmille ty\u00f6v\u00e4lineeksi, joka mahdollistaa keskustelun lasten kanssa ik\u00e4tasoisesti Luojan luonnosta, sen kauneudesta ja ihmeellisyydest\u00e4. Runojen kautta k\u00e4sitell\u00e4\u00e4n my\u00f6s syv\u00e4llisempi\u00e4 aiheita aina Luojaan turvautumisesta ihmisten moninaisuuteen.<\/p>\n<p>Osaan runoista on liitetty mukaan niiden aiheisiin liittyv\u00e4 Koraanin jae tai hadith eli perim\u00e4tieto.<\/p>\n<p>1. painos<br \/>\nISBN 978-952-69903-0-9<br \/>\nPehme\u00e4kantinen, 44 sivua<br \/>\nPainettu Suomessa<\/p>\n<p>&nbsp;<\/p>\n","protected":false},"featured_media":784,"template":"","meta":[],"product_cat":[16,21],"product_tag":[],"yoast_head":"<title>Luojan luonnossa -runokirja - T&auml;hti&amp;Kuu Books<\/title>\n<meta name=\"robots\" content=\"index, follow, max-snippet:-1, max-image-preview:large, max-video-preview:-1\" \/>\n<link rel=\"canonical\" href=\"https:\/\/summayhdistys.fi\/6D4iE\/tuote\/luojan-luonnossa-runokirja\/\" \/>\n<meta property=\"og:locale\" content=\"fi_FI\" \/>\n<meta property=\"og:type\" content=\"article\" \/>\n<meta property=\"og:title\" content=\"Luojan luonnossa -runokirja - T&auml;hti&amp;Kuu Books\" \/>\n<meta property=\"og:description\" content=\"Luojan luonnossa -runokokoelma ihastelee nelj\u00e4n vuodenajan ilmi\u00f6it\u00e4 lapsenomaisin silmin. Kirjan kaunis kuvitus kutsuu lapset ja vanhemmat yhteisten keskustelujen ja pohdintojen \u00e4\u00e4relle.  T\u00e4m\u00e4 runokokoelma on suunniteltu vanhemmille ty\u00f6v\u00e4lineeksi, joka mahdollistaa keskustelun lasten kanssa ik\u00e4tasoisesti Luojan luonnosta, sen kauneudesta ja ihmeellisyydest\u00e4. Runojen kautta k\u00e4sitell\u00e4\u00e4n my\u00f6s syv\u00e4llisempi\u00e4 aiheita aina Luojaan turvautumisesta ihmisten moninaisuuteen.  Osaan runoista on liitetty mukaan niiden aiheisiin liittyv\u00e4 Koraanin jae tai hadith eli perim\u00e4tieto.  1. painos ISBN 978-952-69903-0-9 Pehme\u00e4kantinen, 44 sivua Painettu Suomessa  &nbsp;\" \/>\n<meta property=\"og:url\" content=\"https:\/\/summayhdistys.fi\/6D4iE\/tuote\/luojan-luonnossa-runokirja\/\" \/>\n<meta property=\"og:site_name\" content=\"T&auml;hti&amp;Kuu Books\" \/>\n<meta property=\"article:publisher\" content=\"https:\/\/facebook.com\/tahtikuubooks\" \/>\n<meta property=\"article:modified_time\" content=\"2025-03-18T21:18:09+00:00\" \/>\n<meta property=\"og:image\" content=\"https:\/\/summayhdistys.fi\/6D4iE\/wp-content\/uploads\/2021\/11\/Luojan-luonnossa-kansi_.jpg\" \/>\n\t<meta property=\"og:image:width\" content=\"1307\" \/>\n\t<meta property=\"og:image:height\" content=\"1307\" \/>\n\t<meta property=\"og:image:type\" content=\"image\/jpeg\" \/>\n<meta name=\"twitter:card\" content=\"summary_large_image\" \/>\n<script type=\"application\/ld+json\" class=\"yoast-schema-graph\">{\"@context\":\"https:\/\/schema.org\",\"@graph\":[{\"@type\":\"WebPage\",\"@id\":\"https:\/\/summayhdistys.fi\/6D4iE\/tuote\/luojan-luonnossa-runokirja\/\",\"url\":\"https:\/\/summayhdistys.fi\/6D4iE\/tuote\/luojan-luonnossa-runokirja\/\",\"name\":\"Luojan luonnossa -runokirja - T&auml;hti&amp;Kuu Books\",\"isPartOf\":{\"@id\":\"https:\/\/summayhdistys.fi\/6D4iE\/#website\"},\"primaryImageOfPage\":{\"@id\":\"https:\/\/summayhdistys.fi\/6D4iE\/tuote\/luojan-luonnossa-runokirja\/#primaryimage\"},\"image\":{\"@id\":\"https:\/\/summayhdistys.fi\/6D4iE\/tuote\/luojan-luonnossa-runokirja\/#primaryimage\"},\"thumbnailUrl\":\"https:\/\/summayhdistys.fi\/6D4iE\/wp-content\/uploads\/2021\/11\/Luojan-luonnossa-kansi_.jpg\",\"datePublished\":\"2021-11-26T05:50:52+00:00\",\"dateModified\":\"2025-03-18T21:18:09+00:00\",\"breadcrumb\":{\"@id\":\"https:\/\/summayhdistys.fi\/6D4iE\/tuote\/luojan-luonnossa-runokirja\/#breadcrumb\"},\"inLanguage\":\"fi\",\"potentialAction\":[{\"@type\":\"ReadAction\",\"target\":[\"https:\/\/summayhdistys.fi\/6D4iE\/tuote\/luojan-luonnossa-runokirja\/\"]}]},{\"@type\":\"ImageObject\",\"inLanguage\":\"fi\",\"@id\":\"https:\/\/summayhdistys.fi\/6D4iE\/tuote\/luojan-luonnossa-runokirja\/#primaryimage\",\"url\":\"https:\/\/summayhdistys.fi\/6D4iE\/wp-content\/uploads\/2021\/11\/Luojan-luonnossa-kansi_.jpg\",\"contentUrl\":\"https:\/\/summayhdistys.fi\/6D4iE\/wp-content\/uploads\/2021\/11\/Luojan-luonnossa-kansi_.jpg\",\"width\":1307,\"height\":1307},{\"@type\":\"BreadcrumbList\",\"@id\":\"https:\/\/summayhdistys.fi\/6D4iE\/tuote\/luojan-luonnossa-runokirja\/#breadcrumb\",\"itemListElement\":[{\"@type\":\"ListItem\",\"position\":1,\"name\":\"Etusivu\",\"item\":\"https:\/\/summayhdistys.fi\/6D4iE\/\"},{\"@type\":\"ListItem\",\"position\":2,\"name\":\"Kauppa-old\",\"item\":\"https:\/\/summayhdistys.fi\/6D4iE\/kauppa-old\/\"},{\"@type\":\"ListItem\",\"position\":3,\"name\":\"Luojan luonnossa -runokirja\"}]},{\"@type\":\"WebSite\",\"@id\":\"https:\/\/summayhdistys.fi\/6D4iE\/#website\",\"url\":\"https:\/\/summayhdistys.fi\/6D4iE\/\",\"name\":\"T&auml;hti&amp;Kuu Books\",\"description\":\"T&auml;hti&amp;Kuu Books\",\"publisher\":{\"@id\":\"https:\/\/summayhdistys.fi\/6D4iE\/#organization\"},\"potentialAction\":[{\"@type\":\"SearchAction\",\"target\":{\"@type\":\"EntryPoint\",\"urlTemplate\":\"https:\/\/summayhdistys.fi\/6D4iE\/?s={search_term_string}\"},\"query-input\":\"required name=search_term_string\"}],\"inLanguage\":\"fi\"},{\"@type\":\"Organization\",\"@id\":\"https:\/\/summayhdistys.fi\/6D4iE\/#organization\",\"name\":\"T\u00e4hti&Kuu Books Oy\",\"url\":\"https:\/\/summayhdistys.fi\/6D4iE\/\",\"logo\":{\"@type\":\"ImageObject\",\"inLanguage\":\"fi\",\"@id\":\"https:\/\/summayhdistys.fi\/6D4iE\/#\/schema\/logo\/image\/\",\"url\":\"https:\/\/summayhdistys.fi\/6D4iE\/wp-content\/uploads\/2021\/11\/Tahtikuu-logo-musta-smol_768px.png\",\"contentUrl\":\"https:\/\/summayhdistys.fi\/6D4iE\/wp-content\/uploads\/2021\/11\/Tahtikuu-logo-musta-smol_768px.png\",\"width\":768,\"height\":411,\"caption\":\"T\u00e4hti&Kuu Books Oy\"},\"image\":{\"@id\":\"https:\/\/summayhdistys.fi\/6D4iE\/#\/schema\/logo\/image\/\"},\"sameAs\":[\"https:\/\/facebook.com\/tahtikuubooks\",\"https:\/\/instagram.com\/tahtikuubooks\"]}]}<\/script>","yoast_head_json":{"title":"Luojan luonnossa -runokirja - T&auml;hti&amp;Kuu Books","robots":{"index":"index","follow":"follow","max-snippet":"max-snippet:-1","max-image-preview":"max-image-preview:large","max-video-preview":"max-video-preview:-1"},"canonical":"https:\/\/summayhdistys.fi\/6D4iE\/tuote\/luojan-luonnossa-runokirja\/","og_locale":"fi_FI","og_type":"article","og_title":"Luojan luonnossa -runokirja - T&auml;hti&amp;Kuu Books","og_description":"Luojan luonnossa -runokokoelma ihastelee nelj\u00e4n vuodenajan ilmi\u00f6it\u00e4 lapsenomaisin silmin. Kirjan kaunis kuvitus kutsuu lapset ja vanhemmat yhteisten keskustelujen ja pohdintojen \u00e4\u00e4relle.  T\u00e4m\u00e4 runokokoelma on suunniteltu vanhemmille ty\u00f6v\u00e4lineeksi, joka mahdollistaa keskustelun lasten kanssa ik\u00e4tasoisesti Luojan luonnosta, sen kauneudesta ja ihmeellisyydest\u00e4. Runojen kautta k\u00e4sitell\u00e4\u00e4n my\u00f6s syv\u00e4llisempi\u00e4 aiheita aina Luojaan turvautumisesta ihmisten moninaisuuteen.  Osaan runoista on liitetty mukaan niiden aiheisiin liittyv\u00e4 Koraanin jae tai hadith eli perim\u00e4tieto.  1. painos ISBN 978-952-69903-0-9 Pehme\u00e4kantinen, 44 sivua Painettu Suomessa  &nbsp;","og_url":"https:\/\/summayhdistys.fi\/6D4iE\/tuote\/luojan-luonnossa-runokirja\/","og_site_name":"T&auml;hti&amp;Kuu Books","article_publisher":"https:\/\/facebook.com\/tahtikuubooks","article_modified_time":"2025-03-18T21:18:09+00:00","og_image":[{"width":1307,"height":1307,"url":"https:\/\/summayhdistys.fi\/6D4iE\/wp-content\/uploads\/2021\/11\/Luojan-luonnossa-kansi_.jpg","type":"image\/jpeg"}],"twitter_card":"summary_large_image","schema":{"@context":"https:\/\/schema.org","@graph":[{"@type":"WebPage","@id":"https:\/\/summayhdistys.fi\/6D4iE\/tuote\/luojan-luonnossa-runokirja\/","url":"https:\/\/summayhdistys.fi\/6D4iE\/tuote\/luojan-luonnossa-runokirja\/","name":"Luojan luonnossa -runokirja - T&auml;hti&amp;Kuu Books","isPartOf":{"@id":"https:\/\/summayhdistys.fi\/6D4iE\/#website"},"primaryImageOfPage":{"@id":"https:\/\/summayhdistys.fi\/6D4iE\/tuote\/luojan-luonnossa-runokirja\/#primaryimage"},"image":{"@id":"https:\/\/summayhdistys.fi\/6D4iE\/tuote\/luojan-luonnossa-runokirja\/#primaryimage"},"thumbnailUrl":"https:\/\/summayhdistys.fi\/6D4iE\/wp-content\/uploads\/2021\/11\/Luojan-luonnossa-kansi_.jpg","datePublished":"2021-11-26T05:50:52+00:00","dateModified":"2025-03-18T21:18:09+00:00","breadcrumb":{"@id":"https:\/\/summayhdistys.fi\/6D4iE\/tuote\/luojan-luonnossa-runokirja\/#breadcrumb"},"inLanguage":"fi","potentialAction":[{"@type":"ReadAction","target":["https:\/\/summayhdistys.fi\/6D4iE\/tuote\/luojan-luonnossa-runokirja\/"]}]},{"@type":"ImageObject","inLanguage":"fi","@id":"https:\/\/summayhdistys.fi\/6D4iE\/tuote\/luojan-luonnossa-runokirja\/#primaryimage","url":"https:\/\/summayhdistys.fi\/6D4iE\/wp-content\/uploads\/2021\/11\/Luojan-luonnossa-kansi_.jpg","contentUrl":"https:\/\/summayhdistys.fi\/6D4iE\/wp-content\/uploads\/2021\/11\/Luojan-luonnossa-kansi_.jpg","width":1307,"height":1307},{"@type":"BreadcrumbList","@id":"https:\/\/summayhdistys.fi\/6D4iE\/tuote\/luojan-luonnossa-runokirja\/#breadcrumb","itemListElement":[{"@type":"ListItem","position":1,"name":"Etusivu","item":"https:\/\/summayhdistys.fi\/6D4iE\/"},{"@type":"ListItem","position":2,"name":"Kauppa-old","item":"https:\/\/summayhdistys.fi\/6D4iE\/kauppa-old\/"},{"@type":"ListItem","position":3,"name":"Luojan luonnossa -runokirja"}]},{"@type":"WebSite","@id":"https:\/\/summayhdistys.fi\/6D4iE\/#website","url":"https:\/\/summayhdistys.fi\/6D4iE\/","name":"T&auml;hti&amp;Kuu Books","description":"T&auml;hti&amp;Kuu Books","publisher":{"@id":"https:\/\/summayhdistys.fi\/6D4iE\/#organization"},"potentialAction":[{"@type":"SearchAction","target":{"@type":"EntryPoint","urlTemplate":"https:\/\/summayhdistys.fi\/6D4iE\/?s={search_term_string}"},"query-input":"required name=search_term_string"}],"inLanguage":"fi"},{"@type":"Organization","@id":"https:\/\/summayhdistys.fi\/6D4iE\/#organization","name":"T\u00e4hti&Kuu Books Oy","url":"https:\/\/summayhdistys.fi\/6D4iE\/","logo":{"@type":"ImageObject","inLanguage":"fi","@id":"https:\/\/summayhdistys.fi\/6D4iE\/#\/schema\/logo\/image\/","url":"https:\/\/summayhdistys.fi\/6D4iE\/wp-content\/uploads\/2021\/11\/Tahtikuu-logo-musta-smol_768px.png","contentUrl":"https:\/\/summayhdistys.fi\/6D4iE\/wp-content\/uploads\/2021\/11\/Tahtikuu-logo-musta-smol_768px.png","width":768,"height":411,"caption":"T\u00e4hti&Kuu Books Oy"},"image":{"@id":"https:\/\/summayhdistys.fi\/6D4iE\/#\/schema\/logo\/image\/"},"sameAs":["https:\/\/facebook.com\/tahtikuubooks","https:\/\/instagram.com\/tahtikuubooks"]}]}},"_links":{"self":[{"href":"https:\/\/summayhdistys.fi\/6D4iE\/wp-json\/wp\/v2\/product\/129"}],"collection":[{"href":"https:\/\/summayhdistys.fi\/6D4iE\/wp-json\/wp\/v2\/product"}],"about":[{"href":"https:\/\/summayhdistys.fi\/6D4iE\/wp-json\/wp\/v2\/types\/product"}],"wp:featuredmedia":[{"embeddable":true,"href":"https:\/\/summayhdistys.fi\/6D4iE\/wp-json\/wp\/v2\/media\/784"}],"wp:attachment":[{"href":"https:\/\/summayhdistys.fi\/6D4iE\/wp-json\/wp\/v2\/media?parent=129"}],"wp:term":[{"taxonomy":"product_cat","embeddable":true,"href":"https:\/\/summayhdistys.fi\/6D4iE\/wp-json\/wp\/v2\/product_cat?post=129"},{"taxonomy":"product_tag","embeddable":true,"href":"https:\/\/summayhdistys.fi\/6D4iE\/wp-json\/wp\/v2\/product_tag?post=129"}],"curies":[{"name":"wp","href":"https:\/\/api.w.org\/{rel}","templated":true}]}}