{"id":1339,"date":"2023-12-15T23:58:05","date_gmt":"2023-12-15T21:58:05","guid":{"rendered":"https:\/\/summayhdistys.fi\/?post_type=product&#038;p=1339"},"modified":"2025-03-06T11:53:38","modified_gmt":"2025-03-06T09:53:38","slug":"sahkoinen-muslimityton-pikaopas-kuukautisvuoto","status":"publish","type":"product","link":"https:\/\/summayhdistys.fi\/6D4iE\/tuote\/sahkoinen-muslimityton-pikaopas-kuukautisvuoto\/","title":{"rendered":"S\u00e4hk\u00f6inen Muslimityt\u00f6n pikaopas (kuukautisvuoto)"},"content":{"rendered":"","protected":false},"excerpt":{"rendered":"<p>Muslimityt\u00f6n pikaopas toimii nuoren muistilistana t\u00e4rkeimpiin asioihin ytimekk\u00e4\u00e4sti ja konkreettisesti.<\/p>\n<p>Opas k\u00e4sittelee selke\u00e4sti ja ik\u00e4tasoisesti mm:<br \/>\n&#8211; Yleist\u00e4 tietoa kuukautisista islamilaisen lainopin n\u00e4k\u00f6kulmasta<br \/>\n&#8211; Kuukautisvuodon ja v\u00e4livuodon eroja<br \/>\n&#8211; Miten toimia kuukautisvuodon loputtua<br \/>\n&#8211; Havainnoillistavia tapausesimerkkej\u00e4 pakollisten rukousten aloittamisesta vuodon j\u00e4lkeen<br \/>\n&#8211; Milloin kokovartalopesu eli ghusl t\u00e4ytyy tehd\u00e4 ja milloin kokovartalopesun suorittaminen on suositeltavaa<\/p>\n<p>Oppaan mukana tulee kaksipuolinen ja selke\u00e4 ohjekortti ghuslin eli kokovartalopesun tekemiseen.<\/p>\n<p>Asiasis\u00e4lt\u00f6: AbdulAziz Heinonen<\/p>\n","protected":false},"featured_media":1338,"template":"","meta":[],"product_cat":[16],"product_tag":[],"yoast_head":"<title>S\u00e4hk\u00f6inen Muslimityt\u00f6n pikaopas (kuukautisvuoto) - T&auml;hti&amp;Kuu Books<\/title>\n<meta name=\"robots\" content=\"index, follow, max-snippet:-1, max-image-preview:large, max-video-preview:-1\" \/>\n<link rel=\"canonical\" href=\"https:\/\/summayhdistys.fi\/6D4iE\/tuote\/sahkoinen-muslimityton-pikaopas-kuukautisvuoto\/\" \/>\n<meta property=\"og:locale\" content=\"fi_FI\" \/>\n<meta property=\"og:type\" content=\"article\" \/>\n<meta property=\"og:title\" content=\"S\u00e4hk\u00f6inen Muslimityt\u00f6n pikaopas (kuukautisvuoto) - T&auml;hti&amp;Kuu Books\" \/>\n<meta property=\"og:description\" content=\"Muslimityt\u00f6n pikaopas toimii nuoren muistilistana t\u00e4rkeimpiin asioihin ytimekk\u00e4\u00e4sti ja konkreettisesti.  Opas k\u00e4sittelee selke\u00e4sti ja ik\u00e4tasoisesti mm: - Yleist\u00e4 tietoa kuukautisista islamilaisen lainopin n\u00e4k\u00f6kulmasta - Kuukautisvuodon ja v\u00e4livuodon eroja - Miten toimia kuukautisvuodon loputtua - Havainnoillistavia tapausesimerkkej\u00e4 pakollisten rukousten aloittamisesta vuodon j\u00e4lkeen - Milloin kokovartalopesu eli ghusl t\u00e4ytyy tehd\u00e4 ja milloin kokovartalopesun suorittaminen on suositeltavaa  Oppaan mukana tulee kaksipuolinen ja selke\u00e4 ohjekortti ghuslin eli kokovartalopesun tekemiseen.  Asiasis\u00e4lt\u00f6: AbdulAziz Heinonen\" \/>\n<meta property=\"og:url\" content=\"https:\/\/summayhdistys.fi\/6D4iE\/tuote\/sahkoinen-muslimityton-pikaopas-kuukautisvuoto\/\" \/>\n<meta property=\"og:site_name\" content=\"T&auml;hti&amp;Kuu Books\" \/>\n<meta property=\"article:publisher\" content=\"https:\/\/facebook.com\/tahtikuubooks\" \/>\n<meta property=\"article:modified_time\" content=\"2025-03-06T09:53:38+00:00\" \/>\n<meta property=\"og:image\" content=\"https:\/\/summayhdistys.fi\/6D4iE\/wp-content\/uploads\/2023\/12\/Nimeton-malli-1.jpg\" \/>\n\t<meta property=\"og:image:width\" content=\"1080\" \/>\n\t<meta property=\"og:image:height\" content=\"1080\" \/>\n\t<meta property=\"og:image:type\" content=\"image\/jpeg\" \/>\n<meta name=\"twitter:card\" content=\"summary_large_image\" \/>\n<script type=\"application\/ld+json\" class=\"yoast-schema-graph\">{\"@context\":\"https:\/\/schema.org\",\"@graph\":[{\"@type\":\"WebPage\",\"@id\":\"https:\/\/summayhdistys.fi\/6D4iE\/tuote\/sahkoinen-muslimityton-pikaopas-kuukautisvuoto\/\",\"url\":\"https:\/\/summayhdistys.fi\/6D4iE\/tuote\/sahkoinen-muslimityton-pikaopas-kuukautisvuoto\/\",\"name\":\"S\u00e4hk\u00f6inen Muslimityt\u00f6n pikaopas (kuukautisvuoto) - T&auml;hti&amp;Kuu Books\",\"isPartOf\":{\"@id\":\"https:\/\/summayhdistys.fi\/6D4iE\/#website\"},\"primaryImageOfPage\":{\"@id\":\"https:\/\/summayhdistys.fi\/6D4iE\/tuote\/sahkoinen-muslimityton-pikaopas-kuukautisvuoto\/#primaryimage\"},\"image\":{\"@id\":\"https:\/\/summayhdistys.fi\/6D4iE\/tuote\/sahkoinen-muslimityton-pikaopas-kuukautisvuoto\/#primaryimage\"},\"thumbnailUrl\":\"https:\/\/summayhdistys.fi\/6D4iE\/wp-content\/uploads\/2023\/12\/Nimeton-malli-1.jpg\",\"datePublished\":\"2023-12-15T21:58:05+00:00\",\"dateModified\":\"2025-03-06T09:53:38+00:00\",\"breadcrumb\":{\"@id\":\"https:\/\/summayhdistys.fi\/6D4iE\/tuote\/sahkoinen-muslimityton-pikaopas-kuukautisvuoto\/#breadcrumb\"},\"inLanguage\":\"fi\",\"potentialAction\":[{\"@type\":\"ReadAction\",\"target\":[\"https:\/\/summayhdistys.fi\/6D4iE\/tuote\/sahkoinen-muslimityton-pikaopas-kuukautisvuoto\/\"]}]},{\"@type\":\"ImageObject\",\"inLanguage\":\"fi\",\"@id\":\"https:\/\/summayhdistys.fi\/6D4iE\/tuote\/sahkoinen-muslimityton-pikaopas-kuukautisvuoto\/#primaryimage\",\"url\":\"https:\/\/summayhdistys.fi\/6D4iE\/wp-content\/uploads\/2023\/12\/Nimeton-malli-1.jpg\",\"contentUrl\":\"https:\/\/summayhdistys.fi\/6D4iE\/wp-content\/uploads\/2023\/12\/Nimeton-malli-1.jpg\",\"width\":1080,\"height\":1080},{\"@type\":\"BreadcrumbList\",\"@id\":\"https:\/\/summayhdistys.fi\/6D4iE\/tuote\/sahkoinen-muslimityton-pikaopas-kuukautisvuoto\/#breadcrumb\",\"itemListElement\":[{\"@type\":\"ListItem\",\"position\":1,\"name\":\"Etusivu\",\"item\":\"https:\/\/summayhdistys.fi\/6D4iE\/\"},{\"@type\":\"ListItem\",\"position\":2,\"name\":\"Kauppa-old\",\"item\":\"https:\/\/summayhdistys.fi\/6D4iE\/kauppa-old\/\"},{\"@type\":\"ListItem\",\"position\":3,\"name\":\"S\u00e4hk\u00f6inen Muslimityt\u00f6n pikaopas (kuukautisvuoto)\"}]},{\"@type\":\"WebSite\",\"@id\":\"https:\/\/summayhdistys.fi\/6D4iE\/#website\",\"url\":\"https:\/\/summayhdistys.fi\/6D4iE\/\",\"name\":\"T&auml;hti&amp;Kuu Books\",\"description\":\"T&auml;hti&amp;Kuu Books\",\"publisher\":{\"@id\":\"https:\/\/summayhdistys.fi\/6D4iE\/#organization\"},\"potentialAction\":[{\"@type\":\"SearchAction\",\"target\":{\"@type\":\"EntryPoint\",\"urlTemplate\":\"https:\/\/summayhdistys.fi\/6D4iE\/?s={search_term_string}\"},\"query-input\":\"required name=search_term_string\"}],\"inLanguage\":\"fi\"},{\"@type\":\"Organization\",\"@id\":\"https:\/\/summayhdistys.fi\/6D4iE\/#organization\",\"name\":\"T\u00e4hti&Kuu Books Oy\",\"url\":\"https:\/\/summayhdistys.fi\/6D4iE\/\",\"logo\":{\"@type\":\"ImageObject\",\"inLanguage\":\"fi\",\"@id\":\"https:\/\/summayhdistys.fi\/6D4iE\/#\/schema\/logo\/image\/\",\"url\":\"https:\/\/summayhdistys.fi\/6D4iE\/wp-content\/uploads\/2021\/11\/Tahtikuu-logo-musta-smol_768px.png\",\"contentUrl\":\"https:\/\/summayhdistys.fi\/6D4iE\/wp-content\/uploads\/2021\/11\/Tahtikuu-logo-musta-smol_768px.png\",\"width\":768,\"height\":411,\"caption\":\"T\u00e4hti&Kuu Books Oy\"},\"image\":{\"@id\":\"https:\/\/summayhdistys.fi\/6D4iE\/#\/schema\/logo\/image\/\"},\"sameAs\":[\"https:\/\/facebook.com\/tahtikuubooks\",\"https:\/\/instagram.com\/tahtikuubooks\"]}]}<\/script>","yoast_head_json":{"title":"S\u00e4hk\u00f6inen Muslimityt\u00f6n pikaopas (kuukautisvuoto) - T&auml;hti&amp;Kuu Books","robots":{"index":"index","follow":"follow","max-snippet":"max-snippet:-1","max-image-preview":"max-image-preview:large","max-video-preview":"max-video-preview:-1"},"canonical":"https:\/\/summayhdistys.fi\/6D4iE\/tuote\/sahkoinen-muslimityton-pikaopas-kuukautisvuoto\/","og_locale":"fi_FI","og_type":"article","og_title":"S\u00e4hk\u00f6inen Muslimityt\u00f6n pikaopas (kuukautisvuoto) - T&auml;hti&amp;Kuu Books","og_description":"Muslimityt\u00f6n pikaopas toimii nuoren muistilistana t\u00e4rkeimpiin asioihin ytimekk\u00e4\u00e4sti ja konkreettisesti.  Opas k\u00e4sittelee selke\u00e4sti ja ik\u00e4tasoisesti mm: - Yleist\u00e4 tietoa kuukautisista islamilaisen lainopin n\u00e4k\u00f6kulmasta - Kuukautisvuodon ja v\u00e4livuodon eroja - Miten toimia kuukautisvuodon loputtua - Havainnoillistavia tapausesimerkkej\u00e4 pakollisten rukousten aloittamisesta vuodon j\u00e4lkeen - Milloin kokovartalopesu eli ghusl t\u00e4ytyy tehd\u00e4 ja milloin kokovartalopesun suorittaminen on suositeltavaa  Oppaan mukana tulee kaksipuolinen ja selke\u00e4 ohjekortti ghuslin eli kokovartalopesun tekemiseen.  Asiasis\u00e4lt\u00f6: AbdulAziz Heinonen","og_url":"https:\/\/summayhdistys.fi\/6D4iE\/tuote\/sahkoinen-muslimityton-pikaopas-kuukautisvuoto\/","og_site_name":"T&auml;hti&amp;Kuu Books","article_publisher":"https:\/\/facebook.com\/tahtikuubooks","article_modified_time":"2025-03-06T09:53:38+00:00","og_image":[{"width":1080,"height":1080,"url":"https:\/\/summayhdistys.fi\/6D4iE\/wp-content\/uploads\/2023\/12\/Nimeton-malli-1.jpg","type":"image\/jpeg"}],"twitter_card":"summary_large_image","schema":{"@context":"https:\/\/schema.org","@graph":[{"@type":"WebPage","@id":"https:\/\/summayhdistys.fi\/6D4iE\/tuote\/sahkoinen-muslimityton-pikaopas-kuukautisvuoto\/","url":"https:\/\/summayhdistys.fi\/6D4iE\/tuote\/sahkoinen-muslimityton-pikaopas-kuukautisvuoto\/","name":"S\u00e4hk\u00f6inen Muslimityt\u00f6n pikaopas (kuukautisvuoto) - T&auml;hti&amp;Kuu Books","isPartOf":{"@id":"https:\/\/summayhdistys.fi\/6D4iE\/#website"},"primaryImageOfPage":{"@id":"https:\/\/summayhdistys.fi\/6D4iE\/tuote\/sahkoinen-muslimityton-pikaopas-kuukautisvuoto\/#primaryimage"},"image":{"@id":"https:\/\/summayhdistys.fi\/6D4iE\/tuote\/sahkoinen-muslimityton-pikaopas-kuukautisvuoto\/#primaryimage"},"thumbnailUrl":"https:\/\/summayhdistys.fi\/6D4iE\/wp-content\/uploads\/2023\/12\/Nimeton-malli-1.jpg","datePublished":"2023-12-15T21:58:05+00:00","dateModified":"2025-03-06T09:53:38+00:00","breadcrumb":{"@id":"https:\/\/summayhdistys.fi\/6D4iE\/tuote\/sahkoinen-muslimityton-pikaopas-kuukautisvuoto\/#breadcrumb"},"inLanguage":"fi","potentialAction":[{"@type":"ReadAction","target":["https:\/\/summayhdistys.fi\/6D4iE\/tuote\/sahkoinen-muslimityton-pikaopas-kuukautisvuoto\/"]}]},{"@type":"ImageObject","inLanguage":"fi","@id":"https:\/\/summayhdistys.fi\/6D4iE\/tuote\/sahkoinen-muslimityton-pikaopas-kuukautisvuoto\/#primaryimage","url":"https:\/\/summayhdistys.fi\/6D4iE\/wp-content\/uploads\/2023\/12\/Nimeton-malli-1.jpg","contentUrl":"https:\/\/summayhdistys.fi\/6D4iE\/wp-content\/uploads\/2023\/12\/Nimeton-malli-1.jpg","width":1080,"height":1080},{"@type":"BreadcrumbList","@id":"https:\/\/summayhdistys.fi\/6D4iE\/tuote\/sahkoinen-muslimityton-pikaopas-kuukautisvuoto\/#breadcrumb","itemListElement":[{"@type":"ListItem","position":1,"name":"Etusivu","item":"https:\/\/summayhdistys.fi\/6D4iE\/"},{"@type":"ListItem","position":2,"name":"Kauppa-old","item":"https:\/\/summayhdistys.fi\/6D4iE\/kauppa-old\/"},{"@type":"ListItem","position":3,"name":"S\u00e4hk\u00f6inen Muslimityt\u00f6n pikaopas (kuukautisvuoto)"}]},{"@type":"WebSite","@id":"https:\/\/summayhdistys.fi\/6D4iE\/#website","url":"https:\/\/summayhdistys.fi\/6D4iE\/","name":"T&auml;hti&amp;Kuu Books","description":"T&auml;hti&amp;Kuu Books","publisher":{"@id":"https:\/\/summayhdistys.fi\/6D4iE\/#organization"},"potentialAction":[{"@type":"SearchAction","target":{"@type":"EntryPoint","urlTemplate":"https:\/\/summayhdistys.fi\/6D4iE\/?s={search_term_string}"},"query-input":"required name=search_term_string"}],"inLanguage":"fi"},{"@type":"Organization","@id":"https:\/\/summayhdistys.fi\/6D4iE\/#organization","name":"T\u00e4hti&Kuu Books Oy","url":"https:\/\/summayhdistys.fi\/6D4iE\/","logo":{"@type":"ImageObject","inLanguage":"fi","@id":"https:\/\/summayhdistys.fi\/6D4iE\/#\/schema\/logo\/image\/","url":"https:\/\/summayhdistys.fi\/6D4iE\/wp-content\/uploads\/2021\/11\/Tahtikuu-logo-musta-smol_768px.png","contentUrl":"https:\/\/summayhdistys.fi\/6D4iE\/wp-content\/uploads\/2021\/11\/Tahtikuu-logo-musta-smol_768px.png","width":768,"height":411,"caption":"T\u00e4hti&Kuu Books Oy"},"image":{"@id":"https:\/\/summayhdistys.fi\/6D4iE\/#\/schema\/logo\/image\/"},"sameAs":["https:\/\/facebook.com\/tahtikuubooks","https:\/\/instagram.com\/tahtikuubooks"]}]}},"_links":{"self":[{"href":"https:\/\/summayhdistys.fi\/6D4iE\/wp-json\/wp\/v2\/product\/1339"}],"collection":[{"href":"https:\/\/summayhdistys.fi\/6D4iE\/wp-json\/wp\/v2\/product"}],"about":[{"href":"https:\/\/summayhdistys.fi\/6D4iE\/wp-json\/wp\/v2\/types\/product"}],"wp:featuredmedia":[{"embeddable":true,"href":"https:\/\/summayhdistys.fi\/6D4iE\/wp-json\/wp\/v2\/media\/1338"}],"wp:attachment":[{"href":"https:\/\/summayhdistys.fi\/6D4iE\/wp-json\/wp\/v2\/media?parent=1339"}],"wp:term":[{"taxonomy":"product_cat","embeddable":true,"href":"https:\/\/summayhdistys.fi\/6D4iE\/wp-json\/wp\/v2\/product_cat?post=1339"},{"taxonomy":"product_tag","embeddable":true,"href":"https:\/\/summayhdistys.fi\/6D4iE\/wp-json\/wp\/v2\/product_tag?post=1339"}],"curies":[{"name":"wp","href":"https:\/\/api.w.org\/{rel}","templated":true}]}}