{"id":1351,"date":"2024-01-13T17:01:03","date_gmt":"2024-01-13T15:01:03","guid":{"rendered":"https:\/\/summayhdistys.fi\/?post_type=product&#038;p=1351"},"modified":"2024-02-06T21:42:19","modified_gmt":"2024-02-06T19:42:19","slug":"lasten-tafsiir-2","status":"publish","type":"product","link":"https:\/\/summayhdistys.fi\/6D4iE\/tuote\/lasten-tafsiir-2\/","title":{"rendered":"Lasten tafsiir 2"},"content":{"rendered":"","protected":false},"excerpt":{"rendered":"<p dir=\"ltr\">T\u00e4m\u00e4 on jatkoa Lasten tafsiir 1- kurssille.<\/p>\n<p dir=\"ltr\">T\u00e4ll\u00e4 kurssilla k\u00e4ymme l\u00e4pi Koraanin lyhyiden suurien tafsiiria, eli selitykset ja merkitykset. Kurssi sis\u00e4lt\u00e4\u00e4 Koraanin suurat\u00a0 Al-Khawtar, Al-Kaafiruun, An-Nasr ja Al-Masad. Etenemme ryhm\u00e4n lapsien tasolle sopivalla tavalla eteenp\u00e4in. Kurssi on interaktiivinen. Kurssin tavoitteena on, ett\u00e4 lapset ymm\u00e4rt\u00e4v\u00e4t ja arvostavat ymp\u00e4rill\u00e4mme olevaa Jumalan mahtavaa luomisty\u00f6t\u00e4 ja kaikkialla siin\u00e4 n\u00e4kyvi\u00e4 merkkej\u00e4 Jumalan mahtavuudesta Koraanin tarinoiden, kysymysten ja pohdintojen kautta.<\/p>\n<p>Tafsiir 2 kurssin j\u00e4lkeen oppilaan tulisi osata:<\/p>\n<p>-Koraanin ulkoa opettelemisen hy\u00f6dyt<br \/>\n-Tafsiirin merkitys, sen t\u00e4rkeys ja hyveet.<br \/>\n&#8211; Suurien hyveet, nimet ja niiden merkitykset suomeksi.<\/p>\n<p dir=\"ltr\">Vet\u00e4j\u00e4: AbdulAziz Heinonen<\/p>\n<p dir=\"ltr\">KURSSIMATERIAALI: <a href=\"https:\/\/summayhdistys.fi\/tuote\/lasten-tafsiir-koraanin-selitysteos-osa-2\/\">Lasten tafsiir Koraanin selitysteos osa 2<\/a> .\u00a0 Suosittelemme oppilaille omaa kirjaa k\u00e4ytett\u00e4v\u00e4ksi.<\/p>\n<p dir=\"ltr\">Aika: Maanantaisin klo 17.35-18.35 <span class=\"WdYUQQ text-decoration-none text-strikethrough-none\">22.1-18.3.2024 (hiihtolomaviikolla ei tuntia)<\/span><\/p>\n<p dir=\"ltr\">Paikka: ET\u00c4KURSSI<\/p>\n<p dir=\"ltr\">Kurssi toteutuu yli viidell\u00e4 osallistujalla.<\/p>\n<p dir=\"ltr\"><span style=\"color: #993300;\"><b>HUOM! Ilmoita maksusivun lis\u00e4tiedot kohdassa osallistujan nimi ja syntym\u00e4vuosi.<\/b><\/span><\/p>\n","protected":false},"featured_media":1352,"template":"","meta":[],"product_cat":[27],"product_tag":[30],"yoast_head":"<title>Lasten tafsiir 2 - T&auml;hti&amp;Kuu Books<\/title>\n<meta name=\"robots\" content=\"index, follow, max-snippet:-1, max-image-preview:large, max-video-preview:-1\" \/>\n<link rel=\"canonical\" href=\"https:\/\/summayhdistys.fi\/6D4iE\/tuote\/lasten-tafsiir-2\/\" \/>\n<meta property=\"og:locale\" content=\"fi_FI\" \/>\n<meta property=\"og:type\" content=\"article\" \/>\n<meta property=\"og:title\" content=\"Lasten tafsiir 2 - T&auml;hti&amp;Kuu Books\" \/>\n<meta property=\"og:description\" content=\"T\u00e4m\u00e4 on jatkoa Lasten tafsiir 1- kurssille. T\u00e4ll\u00e4 kurssilla k\u00e4ymme l\u00e4pi Koraanin lyhyiden suurien tafsiiria, eli selitykset ja merkitykset. Kurssi sis\u00e4lt\u00e4\u00e4 Koraanin suurat\u00a0 Al-Khawtar, Al-Kaafiruun, An-Nasr ja Al-Masad. Etenemme ryhm\u00e4n lapsien tasolle sopivalla tavalla eteenp\u00e4in. Kurssi on interaktiivinen. Kurssin tavoitteena on, ett\u00e4 lapset ymm\u00e4rt\u00e4v\u00e4t ja arvostavat ymp\u00e4rill\u00e4mme olevaa Jumalan mahtavaa luomisty\u00f6t\u00e4 ja kaikkialla siin\u00e4 n\u00e4kyvi\u00e4 merkkej\u00e4 Jumalan mahtavuudesta Koraanin tarinoiden, kysymysten ja pohdintojen kautta. Tafsiir 2 kurssin j\u00e4lkeen oppilaan tulisi osata:  -Koraanin ulkoa opettelemisen hy\u00f6dyt -Tafsiirin merkitys, sen t\u00e4rkeys ja hyveet. - Suurien hyveet, nimet ja niiden merkitykset suomeksi. Vet\u00e4j\u00e4: AbdulAziz Heinonen KURSSIMATERIAALI: Lasten tafsiir Koraanin selitysteos osa 2 .\u00a0 Suosittelemme oppilaille omaa kirjaa k\u00e4ytett\u00e4v\u00e4ksi. Aika: Maanantaisin klo 17.35-18.35 22.1-18.3.2024 (hiihtolomaviikolla ei tuntia) Paikka: ET\u00c4KURSSI Kurssi toteutuu yli viidell\u00e4 osallistujalla. HUOM! Ilmoita maksusivun lis\u00e4tiedot kohdassa osallistujan nimi ja syntym\u00e4vuosi.\" \/>\n<meta property=\"og:url\" content=\"https:\/\/summayhdistys.fi\/6D4iE\/tuote\/lasten-tafsiir-2\/\" \/>\n<meta property=\"og:site_name\" content=\"T&auml;hti&amp;Kuu Books\" \/>\n<meta property=\"article:publisher\" content=\"https:\/\/facebook.com\/tahtikuubooks\" \/>\n<meta property=\"article:modified_time\" content=\"2024-02-06T19:42:19+00:00\" \/>\n<meta property=\"og:image\" content=\"https:\/\/summayhdistys.fi\/6D4iE\/wp-content\/uploads\/2024\/01\/uSKON-KIPINA-KERHO-7.png\" \/>\n\t<meta property=\"og:image:width\" content=\"1080\" \/>\n\t<meta property=\"og:image:height\" content=\"1080\" \/>\n\t<meta property=\"og:image:type\" content=\"image\/png\" \/>\n<meta name=\"twitter:card\" content=\"summary_large_image\" \/>\n<script type=\"application\/ld+json\" class=\"yoast-schema-graph\">{\"@context\":\"https:\/\/schema.org\",\"@graph\":[{\"@type\":\"WebPage\",\"@id\":\"https:\/\/summayhdistys.fi\/6D4iE\/tuote\/lasten-tafsiir-2\/\",\"url\":\"https:\/\/summayhdistys.fi\/6D4iE\/tuote\/lasten-tafsiir-2\/\",\"name\":\"Lasten tafsiir 2 - T&auml;hti&amp;Kuu Books\",\"isPartOf\":{\"@id\":\"https:\/\/summayhdistys.fi\/6D4iE\/#website\"},\"primaryImageOfPage\":{\"@id\":\"https:\/\/summayhdistys.fi\/6D4iE\/tuote\/lasten-tafsiir-2\/#primaryimage\"},\"image\":{\"@id\":\"https:\/\/summayhdistys.fi\/6D4iE\/tuote\/lasten-tafsiir-2\/#primaryimage\"},\"thumbnailUrl\":\"https:\/\/summayhdistys.fi\/6D4iE\/wp-content\/uploads\/2024\/01\/uSKON-KIPINA-KERHO-7.png\",\"datePublished\":\"2024-01-13T15:01:03+00:00\",\"dateModified\":\"2024-02-06T19:42:19+00:00\",\"breadcrumb\":{\"@id\":\"https:\/\/summayhdistys.fi\/6D4iE\/tuote\/lasten-tafsiir-2\/#breadcrumb\"},\"inLanguage\":\"fi\",\"potentialAction\":[{\"@type\":\"ReadAction\",\"target\":[\"https:\/\/summayhdistys.fi\/6D4iE\/tuote\/lasten-tafsiir-2\/\"]}]},{\"@type\":\"ImageObject\",\"inLanguage\":\"fi\",\"@id\":\"https:\/\/summayhdistys.fi\/6D4iE\/tuote\/lasten-tafsiir-2\/#primaryimage\",\"url\":\"https:\/\/summayhdistys.fi\/6D4iE\/wp-content\/uploads\/2024\/01\/uSKON-KIPINA-KERHO-7.png\",\"contentUrl\":\"https:\/\/summayhdistys.fi\/6D4iE\/wp-content\/uploads\/2024\/01\/uSKON-KIPINA-KERHO-7.png\",\"width\":1080,\"height\":1080},{\"@type\":\"BreadcrumbList\",\"@id\":\"https:\/\/summayhdistys.fi\/6D4iE\/tuote\/lasten-tafsiir-2\/#breadcrumb\",\"itemListElement\":[{\"@type\":\"ListItem\",\"position\":1,\"name\":\"Etusivu\",\"item\":\"https:\/\/summayhdistys.fi\/6D4iE\/\"},{\"@type\":\"ListItem\",\"position\":2,\"name\":\"Kauppa-old\",\"item\":\"https:\/\/summayhdistys.fi\/6D4iE\/kauppa-old\/\"},{\"@type\":\"ListItem\",\"position\":3,\"name\":\"Lasten tafsiir 2\"}]},{\"@type\":\"WebSite\",\"@id\":\"https:\/\/summayhdistys.fi\/6D4iE\/#website\",\"url\":\"https:\/\/summayhdistys.fi\/6D4iE\/\",\"name\":\"T&auml;hti&amp;Kuu Books\",\"description\":\"T&auml;hti&amp;Kuu Books\",\"publisher\":{\"@id\":\"https:\/\/summayhdistys.fi\/6D4iE\/#organization\"},\"potentialAction\":[{\"@type\":\"SearchAction\",\"target\":{\"@type\":\"EntryPoint\",\"urlTemplate\":\"https:\/\/summayhdistys.fi\/6D4iE\/?s={search_term_string}\"},\"query-input\":\"required name=search_term_string\"}],\"inLanguage\":\"fi\"},{\"@type\":\"Organization\",\"@id\":\"https:\/\/summayhdistys.fi\/6D4iE\/#organization\",\"name\":\"T\u00e4hti&Kuu Books Oy\",\"url\":\"https:\/\/summayhdistys.fi\/6D4iE\/\",\"logo\":{\"@type\":\"ImageObject\",\"inLanguage\":\"fi\",\"@id\":\"https:\/\/summayhdistys.fi\/6D4iE\/#\/schema\/logo\/image\/\",\"url\":\"https:\/\/summayhdistys.fi\/6D4iE\/wp-content\/uploads\/2021\/11\/Tahtikuu-logo-musta-smol_768px.png\",\"contentUrl\":\"https:\/\/summayhdistys.fi\/6D4iE\/wp-content\/uploads\/2021\/11\/Tahtikuu-logo-musta-smol_768px.png\",\"width\":768,\"height\":411,\"caption\":\"T\u00e4hti&Kuu Books Oy\"},\"image\":{\"@id\":\"https:\/\/summayhdistys.fi\/6D4iE\/#\/schema\/logo\/image\/\"},\"sameAs\":[\"https:\/\/facebook.com\/tahtikuubooks\",\"https:\/\/instagram.com\/tahtikuubooks\"]}]}<\/script>","yoast_head_json":{"title":"Lasten tafsiir 2 - T&auml;hti&amp;Kuu Books","robots":{"index":"index","follow":"follow","max-snippet":"max-snippet:-1","max-image-preview":"max-image-preview:large","max-video-preview":"max-video-preview:-1"},"canonical":"https:\/\/summayhdistys.fi\/6D4iE\/tuote\/lasten-tafsiir-2\/","og_locale":"fi_FI","og_type":"article","og_title":"Lasten tafsiir 2 - T&auml;hti&amp;Kuu Books","og_description":"T\u00e4m\u00e4 on jatkoa Lasten tafsiir 1- kurssille. T\u00e4ll\u00e4 kurssilla k\u00e4ymme l\u00e4pi Koraanin lyhyiden suurien tafsiiria, eli selitykset ja merkitykset. Kurssi sis\u00e4lt\u00e4\u00e4 Koraanin suurat\u00a0 Al-Khawtar, Al-Kaafiruun, An-Nasr ja Al-Masad. Etenemme ryhm\u00e4n lapsien tasolle sopivalla tavalla eteenp\u00e4in. Kurssi on interaktiivinen. Kurssin tavoitteena on, ett\u00e4 lapset ymm\u00e4rt\u00e4v\u00e4t ja arvostavat ymp\u00e4rill\u00e4mme olevaa Jumalan mahtavaa luomisty\u00f6t\u00e4 ja kaikkialla siin\u00e4 n\u00e4kyvi\u00e4 merkkej\u00e4 Jumalan mahtavuudesta Koraanin tarinoiden, kysymysten ja pohdintojen kautta. Tafsiir 2 kurssin j\u00e4lkeen oppilaan tulisi osata:  -Koraanin ulkoa opettelemisen hy\u00f6dyt -Tafsiirin merkitys, sen t\u00e4rkeys ja hyveet. - Suurien hyveet, nimet ja niiden merkitykset suomeksi. Vet\u00e4j\u00e4: AbdulAziz Heinonen KURSSIMATERIAALI: Lasten tafsiir Koraanin selitysteos osa 2 .\u00a0 Suosittelemme oppilaille omaa kirjaa k\u00e4ytett\u00e4v\u00e4ksi. Aika: Maanantaisin klo 17.35-18.35 22.1-18.3.2024 (hiihtolomaviikolla ei tuntia) Paikka: ET\u00c4KURSSI Kurssi toteutuu yli viidell\u00e4 osallistujalla. HUOM! Ilmoita maksusivun lis\u00e4tiedot kohdassa osallistujan nimi ja syntym\u00e4vuosi.","og_url":"https:\/\/summayhdistys.fi\/6D4iE\/tuote\/lasten-tafsiir-2\/","og_site_name":"T&auml;hti&amp;Kuu Books","article_publisher":"https:\/\/facebook.com\/tahtikuubooks","article_modified_time":"2024-02-06T19:42:19+00:00","og_image":[{"width":1080,"height":1080,"url":"https:\/\/summayhdistys.fi\/6D4iE\/wp-content\/uploads\/2024\/01\/uSKON-KIPINA-KERHO-7.png","type":"image\/png"}],"twitter_card":"summary_large_image","schema":{"@context":"https:\/\/schema.org","@graph":[{"@type":"WebPage","@id":"https:\/\/summayhdistys.fi\/6D4iE\/tuote\/lasten-tafsiir-2\/","url":"https:\/\/summayhdistys.fi\/6D4iE\/tuote\/lasten-tafsiir-2\/","name":"Lasten tafsiir 2 - T&auml;hti&amp;Kuu Books","isPartOf":{"@id":"https:\/\/summayhdistys.fi\/6D4iE\/#website"},"primaryImageOfPage":{"@id":"https:\/\/summayhdistys.fi\/6D4iE\/tuote\/lasten-tafsiir-2\/#primaryimage"},"image":{"@id":"https:\/\/summayhdistys.fi\/6D4iE\/tuote\/lasten-tafsiir-2\/#primaryimage"},"thumbnailUrl":"https:\/\/summayhdistys.fi\/6D4iE\/wp-content\/uploads\/2024\/01\/uSKON-KIPINA-KERHO-7.png","datePublished":"2024-01-13T15:01:03+00:00","dateModified":"2024-02-06T19:42:19+00:00","breadcrumb":{"@id":"https:\/\/summayhdistys.fi\/6D4iE\/tuote\/lasten-tafsiir-2\/#breadcrumb"},"inLanguage":"fi","potentialAction":[{"@type":"ReadAction","target":["https:\/\/summayhdistys.fi\/6D4iE\/tuote\/lasten-tafsiir-2\/"]}]},{"@type":"ImageObject","inLanguage":"fi","@id":"https:\/\/summayhdistys.fi\/6D4iE\/tuote\/lasten-tafsiir-2\/#primaryimage","url":"https:\/\/summayhdistys.fi\/6D4iE\/wp-content\/uploads\/2024\/01\/uSKON-KIPINA-KERHO-7.png","contentUrl":"https:\/\/summayhdistys.fi\/6D4iE\/wp-content\/uploads\/2024\/01\/uSKON-KIPINA-KERHO-7.png","width":1080,"height":1080},{"@type":"BreadcrumbList","@id":"https:\/\/summayhdistys.fi\/6D4iE\/tuote\/lasten-tafsiir-2\/#breadcrumb","itemListElement":[{"@type":"ListItem","position":1,"name":"Etusivu","item":"https:\/\/summayhdistys.fi\/6D4iE\/"},{"@type":"ListItem","position":2,"name":"Kauppa-old","item":"https:\/\/summayhdistys.fi\/6D4iE\/kauppa-old\/"},{"@type":"ListItem","position":3,"name":"Lasten tafsiir 2"}]},{"@type":"WebSite","@id":"https:\/\/summayhdistys.fi\/6D4iE\/#website","url":"https:\/\/summayhdistys.fi\/6D4iE\/","name":"T&auml;hti&amp;Kuu Books","description":"T&auml;hti&amp;Kuu Books","publisher":{"@id":"https:\/\/summayhdistys.fi\/6D4iE\/#organization"},"potentialAction":[{"@type":"SearchAction","target":{"@type":"EntryPoint","urlTemplate":"https:\/\/summayhdistys.fi\/6D4iE\/?s={search_term_string}"},"query-input":"required name=search_term_string"}],"inLanguage":"fi"},{"@type":"Organization","@id":"https:\/\/summayhdistys.fi\/6D4iE\/#organization","name":"T\u00e4hti&Kuu Books Oy","url":"https:\/\/summayhdistys.fi\/6D4iE\/","logo":{"@type":"ImageObject","inLanguage":"fi","@id":"https:\/\/summayhdistys.fi\/6D4iE\/#\/schema\/logo\/image\/","url":"https:\/\/summayhdistys.fi\/6D4iE\/wp-content\/uploads\/2021\/11\/Tahtikuu-logo-musta-smol_768px.png","contentUrl":"https:\/\/summayhdistys.fi\/6D4iE\/wp-content\/uploads\/2021\/11\/Tahtikuu-logo-musta-smol_768px.png","width":768,"height":411,"caption":"T\u00e4hti&Kuu Books Oy"},"image":{"@id":"https:\/\/summayhdistys.fi\/6D4iE\/#\/schema\/logo\/image\/"},"sameAs":["https:\/\/facebook.com\/tahtikuubooks","https:\/\/instagram.com\/tahtikuubooks"]}]}},"_links":{"self":[{"href":"https:\/\/summayhdistys.fi\/6D4iE\/wp-json\/wp\/v2\/product\/1351"}],"collection":[{"href":"https:\/\/summayhdistys.fi\/6D4iE\/wp-json\/wp\/v2\/product"}],"about":[{"href":"https:\/\/summayhdistys.fi\/6D4iE\/wp-json\/wp\/v2\/types\/product"}],"wp:featuredmedia":[{"embeddable":true,"href":"https:\/\/summayhdistys.fi\/6D4iE\/wp-json\/wp\/v2\/media\/1352"}],"wp:attachment":[{"href":"https:\/\/summayhdistys.fi\/6D4iE\/wp-json\/wp\/v2\/media?parent=1351"}],"wp:term":[{"taxonomy":"product_cat","embeddable":true,"href":"https:\/\/summayhdistys.fi\/6D4iE\/wp-json\/wp\/v2\/product_cat?post=1351"},{"taxonomy":"product_tag","embeddable":true,"href":"https:\/\/summayhdistys.fi\/6D4iE\/wp-json\/wp\/v2\/product_tag?post=1351"}],"curies":[{"name":"wp","href":"https:\/\/api.w.org\/{rel}","templated":true}]}}