{"id":1370,"date":"2024-01-13T18:52:18","date_gmt":"2024-01-13T16:52:18","guid":{"rendered":"https:\/\/summayhdistys.fi\/?post_type=product&#038;p=1370"},"modified":"2024-02-06T21:41:34","modified_gmt":"2024-02-06T19:41:34","slug":"arabian-kielen-alkeiskurssi","status":"publish","type":"product","link":"https:\/\/summayhdistys.fi\/6D4iE\/tuote\/arabian-kielen-alkeiskurssi\/","title":{"rendered":"Arabian kielen alkeiskurssi"},"content":{"rendered":"","protected":false},"excerpt":{"rendered":"<p>Qaida nuurania:<\/p>\n<p>Kurssilla kerrataan ja opiskellaan arabialaisia aakkosia, sanojen ja lauseiden lukemis- ja \u00e4\u00e4nt\u00e4misharjoituksia.<\/p>\n<p class=\"cvGsUA direction-ltr align-start para-style-body\"><span class=\"OYPEnA text-decoration-none text-strikethrough-none\">Kurssimateriaalina: Qaida Nuurania- kirja (oma kustanteinen)<\/span><\/p>\n<p class=\"cvGsUA direction-ltr align-start para-style-body\"><span class=\"OYPEnA text-decoration-none text-strikethrough-none\">Kurssin vet\u00e4j\u00e4: Aso Mohammedi<\/span><\/p>\n<p><span class=\"OYPEnA text-decoration-none text-strikethrough-none\">Aika: Lauantaisin klo 13.00 &#8211; 14.00 27.1.- 9.3.2024 (hiihtolomaviikolla ei tuntia)<\/span><\/p>\n<p>Paikka: Kirkonkyl\u00e4ntie 2 00700 Helsinki<\/p>\n<p>Kurssi toteutuu yli 7 osallistujalla.<\/p>\n","protected":false},"featured_media":1371,"template":"","meta":[],"product_cat":[27],"product_tag":[30],"yoast_head":"<title>Arabian kielen alkeiskurssi - T&auml;hti&amp;Kuu Books<\/title>\n<meta name=\"robots\" content=\"index, follow, max-snippet:-1, max-image-preview:large, max-video-preview:-1\" \/>\n<link rel=\"canonical\" href=\"https:\/\/summayhdistys.fi\/6D4iE\/tuote\/arabian-kielen-alkeiskurssi\/\" \/>\n<meta property=\"og:locale\" content=\"fi_FI\" \/>\n<meta property=\"og:type\" content=\"article\" \/>\n<meta property=\"og:title\" content=\"Arabian kielen alkeiskurssi - T&auml;hti&amp;Kuu Books\" \/>\n<meta property=\"og:description\" content=\"Qaida nuurania:  Kurssilla kerrataan ja opiskellaan arabialaisia aakkosia, sanojen ja lauseiden lukemis- ja \u00e4\u00e4nt\u00e4misharjoituksia. Kurssimateriaalina: Qaida Nuurania- kirja (oma kustanteinen) Kurssin vet\u00e4j\u00e4: Aso Mohammedi Aika: Lauantaisin klo 13.00 - 14.00 27.1.- 9.3.2024 (hiihtolomaviikolla ei tuntia)  Paikka: Kirkonkyl\u00e4ntie 2 00700 Helsinki  Kurssi toteutuu yli 7 osallistujalla.\" \/>\n<meta property=\"og:url\" content=\"https:\/\/summayhdistys.fi\/6D4iE\/tuote\/arabian-kielen-alkeiskurssi\/\" \/>\n<meta property=\"og:site_name\" content=\"T&auml;hti&amp;Kuu Books\" \/>\n<meta property=\"article:publisher\" content=\"https:\/\/facebook.com\/tahtikuubooks\" \/>\n<meta property=\"article:modified_time\" content=\"2024-02-06T19:41:34+00:00\" \/>\n<meta property=\"og:image\" content=\"https:\/\/summayhdistys.fi\/6D4iE\/wp-content\/uploads\/2024\/01\/uSKON-KIPINA-KERHO-11.png\" \/>\n\t<meta property=\"og:image:width\" content=\"1080\" \/>\n\t<meta property=\"og:image:height\" content=\"1080\" \/>\n\t<meta property=\"og:image:type\" content=\"image\/png\" \/>\n<meta name=\"twitter:card\" content=\"summary_large_image\" \/>\n<script type=\"application\/ld+json\" class=\"yoast-schema-graph\">{\"@context\":\"https:\/\/schema.org\",\"@graph\":[{\"@type\":\"WebPage\",\"@id\":\"https:\/\/summayhdistys.fi\/6D4iE\/tuote\/arabian-kielen-alkeiskurssi\/\",\"url\":\"https:\/\/summayhdistys.fi\/6D4iE\/tuote\/arabian-kielen-alkeiskurssi\/\",\"name\":\"Arabian kielen alkeiskurssi - T&auml;hti&amp;Kuu Books\",\"isPartOf\":{\"@id\":\"https:\/\/summayhdistys.fi\/6D4iE\/#website\"},\"primaryImageOfPage\":{\"@id\":\"https:\/\/summayhdistys.fi\/6D4iE\/tuote\/arabian-kielen-alkeiskurssi\/#primaryimage\"},\"image\":{\"@id\":\"https:\/\/summayhdistys.fi\/6D4iE\/tuote\/arabian-kielen-alkeiskurssi\/#primaryimage\"},\"thumbnailUrl\":\"https:\/\/summayhdistys.fi\/6D4iE\/wp-content\/uploads\/2024\/01\/uSKON-KIPINA-KERHO-11.png\",\"datePublished\":\"2024-01-13T16:52:18+00:00\",\"dateModified\":\"2024-02-06T19:41:34+00:00\",\"breadcrumb\":{\"@id\":\"https:\/\/summayhdistys.fi\/6D4iE\/tuote\/arabian-kielen-alkeiskurssi\/#breadcrumb\"},\"inLanguage\":\"fi\",\"potentialAction\":[{\"@type\":\"ReadAction\",\"target\":[\"https:\/\/summayhdistys.fi\/6D4iE\/tuote\/arabian-kielen-alkeiskurssi\/\"]}]},{\"@type\":\"ImageObject\",\"inLanguage\":\"fi\",\"@id\":\"https:\/\/summayhdistys.fi\/6D4iE\/tuote\/arabian-kielen-alkeiskurssi\/#primaryimage\",\"url\":\"https:\/\/summayhdistys.fi\/6D4iE\/wp-content\/uploads\/2024\/01\/uSKON-KIPINA-KERHO-11.png\",\"contentUrl\":\"https:\/\/summayhdistys.fi\/6D4iE\/wp-content\/uploads\/2024\/01\/uSKON-KIPINA-KERHO-11.png\",\"width\":1080,\"height\":1080},{\"@type\":\"BreadcrumbList\",\"@id\":\"https:\/\/summayhdistys.fi\/6D4iE\/tuote\/arabian-kielen-alkeiskurssi\/#breadcrumb\",\"itemListElement\":[{\"@type\":\"ListItem\",\"position\":1,\"name\":\"Etusivu\",\"item\":\"https:\/\/summayhdistys.fi\/6D4iE\/\"},{\"@type\":\"ListItem\",\"position\":2,\"name\":\"Kauppa-old\",\"item\":\"https:\/\/summayhdistys.fi\/6D4iE\/kauppa-old\/\"},{\"@type\":\"ListItem\",\"position\":3,\"name\":\"Arabian kielen alkeiskurssi\"}]},{\"@type\":\"WebSite\",\"@id\":\"https:\/\/summayhdistys.fi\/6D4iE\/#website\",\"url\":\"https:\/\/summayhdistys.fi\/6D4iE\/\",\"name\":\"T&auml;hti&amp;Kuu Books\",\"description\":\"T&auml;hti&amp;Kuu Books\",\"publisher\":{\"@id\":\"https:\/\/summayhdistys.fi\/6D4iE\/#organization\"},\"potentialAction\":[{\"@type\":\"SearchAction\",\"target\":{\"@type\":\"EntryPoint\",\"urlTemplate\":\"https:\/\/summayhdistys.fi\/6D4iE\/?s={search_term_string}\"},\"query-input\":\"required name=search_term_string\"}],\"inLanguage\":\"fi\"},{\"@type\":\"Organization\",\"@id\":\"https:\/\/summayhdistys.fi\/6D4iE\/#organization\",\"name\":\"T\u00e4hti&Kuu Books Oy\",\"url\":\"https:\/\/summayhdistys.fi\/6D4iE\/\",\"logo\":{\"@type\":\"ImageObject\",\"inLanguage\":\"fi\",\"@id\":\"https:\/\/summayhdistys.fi\/6D4iE\/#\/schema\/logo\/image\/\",\"url\":\"https:\/\/summayhdistys.fi\/6D4iE\/wp-content\/uploads\/2021\/11\/Tahtikuu-logo-musta-smol_768px.png\",\"contentUrl\":\"https:\/\/summayhdistys.fi\/6D4iE\/wp-content\/uploads\/2021\/11\/Tahtikuu-logo-musta-smol_768px.png\",\"width\":768,\"height\":411,\"caption\":\"T\u00e4hti&Kuu Books Oy\"},\"image\":{\"@id\":\"https:\/\/summayhdistys.fi\/6D4iE\/#\/schema\/logo\/image\/\"},\"sameAs\":[\"https:\/\/facebook.com\/tahtikuubooks\",\"https:\/\/instagram.com\/tahtikuubooks\"]}]}<\/script>","yoast_head_json":{"title":"Arabian kielen alkeiskurssi - T&auml;hti&amp;Kuu Books","robots":{"index":"index","follow":"follow","max-snippet":"max-snippet:-1","max-image-preview":"max-image-preview:large","max-video-preview":"max-video-preview:-1"},"canonical":"https:\/\/summayhdistys.fi\/6D4iE\/tuote\/arabian-kielen-alkeiskurssi\/","og_locale":"fi_FI","og_type":"article","og_title":"Arabian kielen alkeiskurssi - T&auml;hti&amp;Kuu Books","og_description":"Qaida nuurania:  Kurssilla kerrataan ja opiskellaan arabialaisia aakkosia, sanojen ja lauseiden lukemis- ja \u00e4\u00e4nt\u00e4misharjoituksia. Kurssimateriaalina: Qaida Nuurania- kirja (oma kustanteinen) Kurssin vet\u00e4j\u00e4: Aso Mohammedi Aika: Lauantaisin klo 13.00 - 14.00 27.1.- 9.3.2024 (hiihtolomaviikolla ei tuntia)  Paikka: Kirkonkyl\u00e4ntie 2 00700 Helsinki  Kurssi toteutuu yli 7 osallistujalla.","og_url":"https:\/\/summayhdistys.fi\/6D4iE\/tuote\/arabian-kielen-alkeiskurssi\/","og_site_name":"T&auml;hti&amp;Kuu Books","article_publisher":"https:\/\/facebook.com\/tahtikuubooks","article_modified_time":"2024-02-06T19:41:34+00:00","og_image":[{"width":1080,"height":1080,"url":"https:\/\/summayhdistys.fi\/6D4iE\/wp-content\/uploads\/2024\/01\/uSKON-KIPINA-KERHO-11.png","type":"image\/png"}],"twitter_card":"summary_large_image","schema":{"@context":"https:\/\/schema.org","@graph":[{"@type":"WebPage","@id":"https:\/\/summayhdistys.fi\/6D4iE\/tuote\/arabian-kielen-alkeiskurssi\/","url":"https:\/\/summayhdistys.fi\/6D4iE\/tuote\/arabian-kielen-alkeiskurssi\/","name":"Arabian kielen alkeiskurssi - T&auml;hti&amp;Kuu Books","isPartOf":{"@id":"https:\/\/summayhdistys.fi\/6D4iE\/#website"},"primaryImageOfPage":{"@id":"https:\/\/summayhdistys.fi\/6D4iE\/tuote\/arabian-kielen-alkeiskurssi\/#primaryimage"},"image":{"@id":"https:\/\/summayhdistys.fi\/6D4iE\/tuote\/arabian-kielen-alkeiskurssi\/#primaryimage"},"thumbnailUrl":"https:\/\/summayhdistys.fi\/6D4iE\/wp-content\/uploads\/2024\/01\/uSKON-KIPINA-KERHO-11.png","datePublished":"2024-01-13T16:52:18+00:00","dateModified":"2024-02-06T19:41:34+00:00","breadcrumb":{"@id":"https:\/\/summayhdistys.fi\/6D4iE\/tuote\/arabian-kielen-alkeiskurssi\/#breadcrumb"},"inLanguage":"fi","potentialAction":[{"@type":"ReadAction","target":["https:\/\/summayhdistys.fi\/6D4iE\/tuote\/arabian-kielen-alkeiskurssi\/"]}]},{"@type":"ImageObject","inLanguage":"fi","@id":"https:\/\/summayhdistys.fi\/6D4iE\/tuote\/arabian-kielen-alkeiskurssi\/#primaryimage","url":"https:\/\/summayhdistys.fi\/6D4iE\/wp-content\/uploads\/2024\/01\/uSKON-KIPINA-KERHO-11.png","contentUrl":"https:\/\/summayhdistys.fi\/6D4iE\/wp-content\/uploads\/2024\/01\/uSKON-KIPINA-KERHO-11.png","width":1080,"height":1080},{"@type":"BreadcrumbList","@id":"https:\/\/summayhdistys.fi\/6D4iE\/tuote\/arabian-kielen-alkeiskurssi\/#breadcrumb","itemListElement":[{"@type":"ListItem","position":1,"name":"Etusivu","item":"https:\/\/summayhdistys.fi\/6D4iE\/"},{"@type":"ListItem","position":2,"name":"Kauppa-old","item":"https:\/\/summayhdistys.fi\/6D4iE\/kauppa-old\/"},{"@type":"ListItem","position":3,"name":"Arabian kielen alkeiskurssi"}]},{"@type":"WebSite","@id":"https:\/\/summayhdistys.fi\/6D4iE\/#website","url":"https:\/\/summayhdistys.fi\/6D4iE\/","name":"T&auml;hti&amp;Kuu Books","description":"T&auml;hti&amp;Kuu Books","publisher":{"@id":"https:\/\/summayhdistys.fi\/6D4iE\/#organization"},"potentialAction":[{"@type":"SearchAction","target":{"@type":"EntryPoint","urlTemplate":"https:\/\/summayhdistys.fi\/6D4iE\/?s={search_term_string}"},"query-input":"required name=search_term_string"}],"inLanguage":"fi"},{"@type":"Organization","@id":"https:\/\/summayhdistys.fi\/6D4iE\/#organization","name":"T\u00e4hti&Kuu Books Oy","url":"https:\/\/summayhdistys.fi\/6D4iE\/","logo":{"@type":"ImageObject","inLanguage":"fi","@id":"https:\/\/summayhdistys.fi\/6D4iE\/#\/schema\/logo\/image\/","url":"https:\/\/summayhdistys.fi\/6D4iE\/wp-content\/uploads\/2021\/11\/Tahtikuu-logo-musta-smol_768px.png","contentUrl":"https:\/\/summayhdistys.fi\/6D4iE\/wp-content\/uploads\/2021\/11\/Tahtikuu-logo-musta-smol_768px.png","width":768,"height":411,"caption":"T\u00e4hti&Kuu Books Oy"},"image":{"@id":"https:\/\/summayhdistys.fi\/6D4iE\/#\/schema\/logo\/image\/"},"sameAs":["https:\/\/facebook.com\/tahtikuubooks","https:\/\/instagram.com\/tahtikuubooks"]}]}},"_links":{"self":[{"href":"https:\/\/summayhdistys.fi\/6D4iE\/wp-json\/wp\/v2\/product\/1370"}],"collection":[{"href":"https:\/\/summayhdistys.fi\/6D4iE\/wp-json\/wp\/v2\/product"}],"about":[{"href":"https:\/\/summayhdistys.fi\/6D4iE\/wp-json\/wp\/v2\/types\/product"}],"wp:featuredmedia":[{"embeddable":true,"href":"https:\/\/summayhdistys.fi\/6D4iE\/wp-json\/wp\/v2\/media\/1371"}],"wp:attachment":[{"href":"https:\/\/summayhdistys.fi\/6D4iE\/wp-json\/wp\/v2\/media?parent=1370"}],"wp:term":[{"taxonomy":"product_cat","embeddable":true,"href":"https:\/\/summayhdistys.fi\/6D4iE\/wp-json\/wp\/v2\/product_cat?post=1370"},{"taxonomy":"product_tag","embeddable":true,"href":"https:\/\/summayhdistys.fi\/6D4iE\/wp-json\/wp\/v2\/product_tag?post=1370"}],"curies":[{"name":"wp","href":"https:\/\/api.w.org\/{rel}","templated":true}]}}