{"id":1414,"date":"2024-02-15T18:00:48","date_gmt":"2024-02-15T16:00:48","guid":{"rendered":"https:\/\/summayhdistys.fi\/?post_type=product&#038;p=1414"},"modified":"2025-03-06T11:52:42","modified_gmt":"2025-03-06T09:52:42","slug":"islamin-kasitteet-korttipeli","status":"publish","type":"product","link":"https:\/\/summayhdistys.fi\/6D4iE\/tuote\/islamin-kasitteet-korttipeli\/","title":{"rendered":"Islamin k\u00e4sitteet- korttipeli"},"content":{"rendered":"","protected":false},"excerpt":{"rendered":"<p class=\"cvGsUA direction-ltr align-justify para-style-body\"><span class=\"OYPEnA text-decoration-none text-strikethrough-none\">Koko perheen islam-aiheinen korttipeli yhdist\u00e4\u00e4 uskonnon, oppimisen ja sosiaalisen aspektin hauskalla tavalla!<\/span><\/p>\n<p class=\"cvGsUA direction-ltr align-justify para-style-body\"><span class=\"OYPEnA text-decoration-none text-strikethrough-none\">Pelin avulla lapset oppivat islaminuskon perusasioita heille luonnollisella tavalla eli toiminnallisen pelin kautta. Peliss\u00e4 oppiminen on upotettu osaksi peli\u00e4.<\/span><\/p>\n<p class=\"cvGsUA direction-ltr align-justify para-style-body\"><span class=\"OYPEnA text-decoration-none text-strikethrough-none\">Islamin k\u00e4sitteet-korttipakassa on 34 pelikorttia. <\/span><span class=\"OYPEnA text-decoration-none text-strikethrough-none\">Peliin kuuluu my\u00f6s Tiedonjyv\u00e4-opas, josta saa syv\u00e4llisemp\u00e4\u00e4 tietoa oikeasta vastauksesta.<\/span><\/p>\n<p class=\"cvGsUA direction-ltr align-justify para-style-body\"><span class=\"OYPEnA text-decoration-none text-strikethrough-none\">Ik\u00e4suositus 5+<\/span><\/p>\n<p>Sopii pelattavaksi yhdess\u00e4 Tiedonjyvi\u00e4 Koraanista ja sunnasta- korttipelin kanssa. Katso pakettitarjous.<\/p>\n<p>Pelikorttien materiaali: Kiilt\u00e4v\u00e4pintaista 300g kartonkia<\/p>\n<p>Painettu Suomessa<\/p>\n<p><span style=\"color: #993300;\">VARASTO LOPPU<\/span><\/p>\n","protected":false},"featured_media":1410,"template":"","meta":[],"product_cat":[16],"product_tag":[],"yoast_head":"<title>Islamin k\u00e4sitteet- korttipeli - T&auml;hti&amp;Kuu Books<\/title>\n<meta name=\"robots\" content=\"index, follow, max-snippet:-1, max-image-preview:large, max-video-preview:-1\" \/>\n<link rel=\"canonical\" href=\"https:\/\/summayhdistys.fi\/6D4iE\/tuote\/islamin-kasitteet-korttipeli\/\" \/>\n<meta property=\"og:locale\" content=\"fi_FI\" \/>\n<meta property=\"og:type\" content=\"article\" \/>\n<meta property=\"og:title\" content=\"Islamin k\u00e4sitteet- korttipeli - T&auml;hti&amp;Kuu Books\" \/>\n<meta property=\"og:description\" content=\"Koko perheen islam-aiheinen korttipeli yhdist\u00e4\u00e4 uskonnon, oppimisen ja sosiaalisen aspektin hauskalla tavalla! Pelin avulla lapset oppivat islaminuskon perusasioita heille luonnollisella tavalla eli toiminnallisen pelin kautta. Peliss\u00e4 oppiminen on upotettu osaksi peli\u00e4. Islamin k\u00e4sitteet-korttipakassa on 34 pelikorttia. Peliin kuuluu my\u00f6s Tiedonjyv\u00e4-opas, josta saa syv\u00e4llisemp\u00e4\u00e4 tietoa oikeasta vastauksesta. Ik\u00e4suositus 5+ Sopii pelattavaksi yhdess\u00e4 Tiedonjyvi\u00e4 Koraanista ja sunnasta- korttipelin kanssa. Katso pakettitarjous.  Pelikorttien materiaali: Kiilt\u00e4v\u00e4pintaista 300g kartonkia  Painettu Suomessa  VARASTO LOPPU\" \/>\n<meta property=\"og:url\" content=\"https:\/\/summayhdistys.fi\/6D4iE\/tuote\/islamin-kasitteet-korttipeli\/\" \/>\n<meta property=\"og:site_name\" content=\"T&auml;hti&amp;Kuu Books\" \/>\n<meta property=\"article:publisher\" content=\"https:\/\/facebook.com\/tahtikuubooks\" \/>\n<meta property=\"article:modified_time\" content=\"2025-03-06T09:52:42+00:00\" \/>\n<meta property=\"og:image\" content=\"https:\/\/summayhdistys.fi\/6D4iE\/wp-content\/uploads\/2024\/02\/WhatsApp-Image-2024-02-14-at-17.53.59-1.jpeg\" \/>\n\t<meta property=\"og:image:width\" content=\"1500\" \/>\n\t<meta property=\"og:image:height\" content=\"2000\" \/>\n\t<meta property=\"og:image:type\" content=\"image\/jpeg\" \/>\n<meta name=\"twitter:card\" content=\"summary_large_image\" \/>\n<script type=\"application\/ld+json\" class=\"yoast-schema-graph\">{\"@context\":\"https:\/\/schema.org\",\"@graph\":[{\"@type\":\"WebPage\",\"@id\":\"https:\/\/summayhdistys.fi\/6D4iE\/tuote\/islamin-kasitteet-korttipeli\/\",\"url\":\"https:\/\/summayhdistys.fi\/6D4iE\/tuote\/islamin-kasitteet-korttipeli\/\",\"name\":\"Islamin k\u00e4sitteet- korttipeli - T&auml;hti&amp;Kuu Books\",\"isPartOf\":{\"@id\":\"https:\/\/summayhdistys.fi\/6D4iE\/#website\"},\"primaryImageOfPage\":{\"@id\":\"https:\/\/summayhdistys.fi\/6D4iE\/tuote\/islamin-kasitteet-korttipeli\/#primaryimage\"},\"image\":{\"@id\":\"https:\/\/summayhdistys.fi\/6D4iE\/tuote\/islamin-kasitteet-korttipeli\/#primaryimage\"},\"thumbnailUrl\":\"https:\/\/summayhdistys.fi\/6D4iE\/wp-content\/uploads\/2024\/02\/WhatsApp-Image-2024-02-14-at-17.53.59-1.jpeg\",\"datePublished\":\"2024-02-15T16:00:48+00:00\",\"dateModified\":\"2025-03-06T09:52:42+00:00\",\"breadcrumb\":{\"@id\":\"https:\/\/summayhdistys.fi\/6D4iE\/tuote\/islamin-kasitteet-korttipeli\/#breadcrumb\"},\"inLanguage\":\"fi\",\"potentialAction\":[{\"@type\":\"ReadAction\",\"target\":[\"https:\/\/summayhdistys.fi\/6D4iE\/tuote\/islamin-kasitteet-korttipeli\/\"]}]},{\"@type\":\"ImageObject\",\"inLanguage\":\"fi\",\"@id\":\"https:\/\/summayhdistys.fi\/6D4iE\/tuote\/islamin-kasitteet-korttipeli\/#primaryimage\",\"url\":\"https:\/\/summayhdistys.fi\/6D4iE\/wp-content\/uploads\/2024\/02\/WhatsApp-Image-2024-02-14-at-17.53.59-1.jpeg\",\"contentUrl\":\"https:\/\/summayhdistys.fi\/6D4iE\/wp-content\/uploads\/2024\/02\/WhatsApp-Image-2024-02-14-at-17.53.59-1.jpeg\",\"width\":1500,\"height\":2000},{\"@type\":\"BreadcrumbList\",\"@id\":\"https:\/\/summayhdistys.fi\/6D4iE\/tuote\/islamin-kasitteet-korttipeli\/#breadcrumb\",\"itemListElement\":[{\"@type\":\"ListItem\",\"position\":1,\"name\":\"Etusivu\",\"item\":\"https:\/\/summayhdistys.fi\/6D4iE\/\"},{\"@type\":\"ListItem\",\"position\":2,\"name\":\"Kauppa-old\",\"item\":\"https:\/\/summayhdistys.fi\/6D4iE\/kauppa-old\/\"},{\"@type\":\"ListItem\",\"position\":3,\"name\":\"Islamin k\u00e4sitteet- korttipeli\"}]},{\"@type\":\"WebSite\",\"@id\":\"https:\/\/summayhdistys.fi\/6D4iE\/#website\",\"url\":\"https:\/\/summayhdistys.fi\/6D4iE\/\",\"name\":\"T&auml;hti&amp;Kuu Books\",\"description\":\"T&auml;hti&amp;Kuu Books\",\"publisher\":{\"@id\":\"https:\/\/summayhdistys.fi\/6D4iE\/#organization\"},\"potentialAction\":[{\"@type\":\"SearchAction\",\"target\":{\"@type\":\"EntryPoint\",\"urlTemplate\":\"https:\/\/summayhdistys.fi\/6D4iE\/?s={search_term_string}\"},\"query-input\":\"required name=search_term_string\"}],\"inLanguage\":\"fi\"},{\"@type\":\"Organization\",\"@id\":\"https:\/\/summayhdistys.fi\/6D4iE\/#organization\",\"name\":\"T\u00e4hti&Kuu Books Oy\",\"url\":\"https:\/\/summayhdistys.fi\/6D4iE\/\",\"logo\":{\"@type\":\"ImageObject\",\"inLanguage\":\"fi\",\"@id\":\"https:\/\/summayhdistys.fi\/6D4iE\/#\/schema\/logo\/image\/\",\"url\":\"https:\/\/summayhdistys.fi\/6D4iE\/wp-content\/uploads\/2021\/11\/Tahtikuu-logo-musta-smol_768px.png\",\"contentUrl\":\"https:\/\/summayhdistys.fi\/6D4iE\/wp-content\/uploads\/2021\/11\/Tahtikuu-logo-musta-smol_768px.png\",\"width\":768,\"height\":411,\"caption\":\"T\u00e4hti&Kuu Books Oy\"},\"image\":{\"@id\":\"https:\/\/summayhdistys.fi\/6D4iE\/#\/schema\/logo\/image\/\"},\"sameAs\":[\"https:\/\/facebook.com\/tahtikuubooks\",\"https:\/\/instagram.com\/tahtikuubooks\"]}]}<\/script>","yoast_head_json":{"title":"Islamin k\u00e4sitteet- korttipeli - T&auml;hti&amp;Kuu Books","robots":{"index":"index","follow":"follow","max-snippet":"max-snippet:-1","max-image-preview":"max-image-preview:large","max-video-preview":"max-video-preview:-1"},"canonical":"https:\/\/summayhdistys.fi\/6D4iE\/tuote\/islamin-kasitteet-korttipeli\/","og_locale":"fi_FI","og_type":"article","og_title":"Islamin k\u00e4sitteet- korttipeli - T&auml;hti&amp;Kuu Books","og_description":"Koko perheen islam-aiheinen korttipeli yhdist\u00e4\u00e4 uskonnon, oppimisen ja sosiaalisen aspektin hauskalla tavalla! Pelin avulla lapset oppivat islaminuskon perusasioita heille luonnollisella tavalla eli toiminnallisen pelin kautta. Peliss\u00e4 oppiminen on upotettu osaksi peli\u00e4. Islamin k\u00e4sitteet-korttipakassa on 34 pelikorttia. Peliin kuuluu my\u00f6s Tiedonjyv\u00e4-opas, josta saa syv\u00e4llisemp\u00e4\u00e4 tietoa oikeasta vastauksesta. Ik\u00e4suositus 5+ Sopii pelattavaksi yhdess\u00e4 Tiedonjyvi\u00e4 Koraanista ja sunnasta- korttipelin kanssa. Katso pakettitarjous.  Pelikorttien materiaali: Kiilt\u00e4v\u00e4pintaista 300g kartonkia  Painettu Suomessa  VARASTO LOPPU","og_url":"https:\/\/summayhdistys.fi\/6D4iE\/tuote\/islamin-kasitteet-korttipeli\/","og_site_name":"T&auml;hti&amp;Kuu Books","article_publisher":"https:\/\/facebook.com\/tahtikuubooks","article_modified_time":"2025-03-06T09:52:42+00:00","og_image":[{"width":1500,"height":2000,"url":"https:\/\/summayhdistys.fi\/6D4iE\/wp-content\/uploads\/2024\/02\/WhatsApp-Image-2024-02-14-at-17.53.59-1.jpeg","type":"image\/jpeg"}],"twitter_card":"summary_large_image","schema":{"@context":"https:\/\/schema.org","@graph":[{"@type":"WebPage","@id":"https:\/\/summayhdistys.fi\/6D4iE\/tuote\/islamin-kasitteet-korttipeli\/","url":"https:\/\/summayhdistys.fi\/6D4iE\/tuote\/islamin-kasitteet-korttipeli\/","name":"Islamin k\u00e4sitteet- korttipeli - T&auml;hti&amp;Kuu Books","isPartOf":{"@id":"https:\/\/summayhdistys.fi\/6D4iE\/#website"},"primaryImageOfPage":{"@id":"https:\/\/summayhdistys.fi\/6D4iE\/tuote\/islamin-kasitteet-korttipeli\/#primaryimage"},"image":{"@id":"https:\/\/summayhdistys.fi\/6D4iE\/tuote\/islamin-kasitteet-korttipeli\/#primaryimage"},"thumbnailUrl":"https:\/\/summayhdistys.fi\/6D4iE\/wp-content\/uploads\/2024\/02\/WhatsApp-Image-2024-02-14-at-17.53.59-1.jpeg","datePublished":"2024-02-15T16:00:48+00:00","dateModified":"2025-03-06T09:52:42+00:00","breadcrumb":{"@id":"https:\/\/summayhdistys.fi\/6D4iE\/tuote\/islamin-kasitteet-korttipeli\/#breadcrumb"},"inLanguage":"fi","potentialAction":[{"@type":"ReadAction","target":["https:\/\/summayhdistys.fi\/6D4iE\/tuote\/islamin-kasitteet-korttipeli\/"]}]},{"@type":"ImageObject","inLanguage":"fi","@id":"https:\/\/summayhdistys.fi\/6D4iE\/tuote\/islamin-kasitteet-korttipeli\/#primaryimage","url":"https:\/\/summayhdistys.fi\/6D4iE\/wp-content\/uploads\/2024\/02\/WhatsApp-Image-2024-02-14-at-17.53.59-1.jpeg","contentUrl":"https:\/\/summayhdistys.fi\/6D4iE\/wp-content\/uploads\/2024\/02\/WhatsApp-Image-2024-02-14-at-17.53.59-1.jpeg","width":1500,"height":2000},{"@type":"BreadcrumbList","@id":"https:\/\/summayhdistys.fi\/6D4iE\/tuote\/islamin-kasitteet-korttipeli\/#breadcrumb","itemListElement":[{"@type":"ListItem","position":1,"name":"Etusivu","item":"https:\/\/summayhdistys.fi\/6D4iE\/"},{"@type":"ListItem","position":2,"name":"Kauppa-old","item":"https:\/\/summayhdistys.fi\/6D4iE\/kauppa-old\/"},{"@type":"ListItem","position":3,"name":"Islamin k\u00e4sitteet- korttipeli"}]},{"@type":"WebSite","@id":"https:\/\/summayhdistys.fi\/6D4iE\/#website","url":"https:\/\/summayhdistys.fi\/6D4iE\/","name":"T&auml;hti&amp;Kuu Books","description":"T&auml;hti&amp;Kuu Books","publisher":{"@id":"https:\/\/summayhdistys.fi\/6D4iE\/#organization"},"potentialAction":[{"@type":"SearchAction","target":{"@type":"EntryPoint","urlTemplate":"https:\/\/summayhdistys.fi\/6D4iE\/?s={search_term_string}"},"query-input":"required name=search_term_string"}],"inLanguage":"fi"},{"@type":"Organization","@id":"https:\/\/summayhdistys.fi\/6D4iE\/#organization","name":"T\u00e4hti&Kuu Books Oy","url":"https:\/\/summayhdistys.fi\/6D4iE\/","logo":{"@type":"ImageObject","inLanguage":"fi","@id":"https:\/\/summayhdistys.fi\/6D4iE\/#\/schema\/logo\/image\/","url":"https:\/\/summayhdistys.fi\/6D4iE\/wp-content\/uploads\/2021\/11\/Tahtikuu-logo-musta-smol_768px.png","contentUrl":"https:\/\/summayhdistys.fi\/6D4iE\/wp-content\/uploads\/2021\/11\/Tahtikuu-logo-musta-smol_768px.png","width":768,"height":411,"caption":"T\u00e4hti&Kuu Books Oy"},"image":{"@id":"https:\/\/summayhdistys.fi\/6D4iE\/#\/schema\/logo\/image\/"},"sameAs":["https:\/\/facebook.com\/tahtikuubooks","https:\/\/instagram.com\/tahtikuubooks"]}]}},"_links":{"self":[{"href":"https:\/\/summayhdistys.fi\/6D4iE\/wp-json\/wp\/v2\/product\/1414"}],"collection":[{"href":"https:\/\/summayhdistys.fi\/6D4iE\/wp-json\/wp\/v2\/product"}],"about":[{"href":"https:\/\/summayhdistys.fi\/6D4iE\/wp-json\/wp\/v2\/types\/product"}],"wp:featuredmedia":[{"embeddable":true,"href":"https:\/\/summayhdistys.fi\/6D4iE\/wp-json\/wp\/v2\/media\/1410"}],"wp:attachment":[{"href":"https:\/\/summayhdistys.fi\/6D4iE\/wp-json\/wp\/v2\/media?parent=1414"}],"wp:term":[{"taxonomy":"product_cat","embeddable":true,"href":"https:\/\/summayhdistys.fi\/6D4iE\/wp-json\/wp\/v2\/product_cat?post=1414"},{"taxonomy":"product_tag","embeddable":true,"href":"https:\/\/summayhdistys.fi\/6D4iE\/wp-json\/wp\/v2\/product_tag?post=1414"}],"curies":[{"name":"wp","href":"https:\/\/api.w.org\/{rel}","templated":true}]}}